{"id":955,"date":"2022-03-28T13:30:05","date_gmt":"2022-03-28T11:30:05","guid":{"rendered":"https:\/\/avista.sedna.software\/tankreinigingen\/"},"modified":"2023-05-25T10:35:43","modified_gmt":"2023-05-25T08:35:43","slug":"nettoyage-de-citernes","status":"publish","type":"page","link":"https:\/\/avista-oil.be\/fr\/nettoyage-de-citernes\/","title":{"rendered":"Nettoyage de citernes"},"content":{"rendered":"<div id=\"modal-ready\">\n<p>AVISTA OIL peut nettoyer votre cuve en collaboration avec son entreprise partenaire, qu&rsquo;il s&rsquo;agisse d&rsquo;une cuve souterraine, hors sol, \u00e0 mazout ou \u00e0 essence, nous pouvons vous fournir le service parfait. Gr\u00e2ce aux ann\u00e9es d&rsquo;exp\u00e9rience de notre partenaire dans le nettoyage de r\u00e9servoirs, nous osons vous offrir ce service sans aucun probl\u00e8me.<\/p>\n\n\n\n<p>\u00c9tant donn\u00e9 que le prix d&rsquo;un nettoyage de r\u00e9servoir peut varier consid\u00e9rablement en raison de certaines circonstances, nous vous demandons de nous contacter pour obtenir un prix correct afin d&rsquo;obtenir les informations n\u00e9cessaires. Si d\u00e9sir\u00e9 ou n\u00e9cessaire, notre repr\u00e9sentant se rendra \u00e9galement sur place.<\/p>\n<\/div>","protected":false},"excerpt":{"rendered":"<p>AVISTA OIL peut nettoyer votre cuve en collaboration avec son entreprise partenaire, qu&rsquo;il s&rsquo;agisse d&rsquo;une cuve souterraine, hors sol, \u00e0 mazout ou \u00e0 essence, nous pouvons vous fournir le service parfait. Gr\u00e2ce aux ann\u00e9es d&rsquo;exp\u00e9rience de notre partenaire dans le nettoyage de r\u00e9servoirs, nous osons vous offrir ce service sans aucun probl\u00e8me. \u00c9tant donn\u00e9 que [&hellip;]<\/p>\n","protected":false},"author":2,"featured_media":0,"parent":0,"menu_order":0,"comment_status":"closed","ping_status":"closed","template":"","meta":{"_acf_changed":false,"footnotes":""},"categories":[],"tags":[],"yst_prominent_words":[],"class_list":["post-955","page","type-page","status-publish","hentry"],"acf":[],"_links":{"self":[{"href":"https:\/\/avista-oil.be\/fr\/wp-json\/wp\/v2\/pages\/955","targetHints":{"allow":["GET"]}}],"collection":[{"href":"https:\/\/avista-oil.be\/fr\/wp-json\/wp\/v2\/pages"}],"about":[{"href":"https:\/\/avista-oil.be\/fr\/wp-json\/wp\/v2\/types\/page"}],"author":[{"embeddable":true,"href":"https:\/\/avista-oil.be\/fr\/wp-json\/wp\/v2\/users\/2"}],"replies":[{"embeddable":true,"href":"https:\/\/avista-oil.be\/fr\/wp-json\/wp\/v2\/comments?post=955"}],"version-history":[{"count":0,"href":"https:\/\/avista-oil.be\/fr\/wp-json\/wp\/v2\/pages\/955\/revisions"}],"wp:attachment":[{"href":"https:\/\/avista-oil.be\/fr\/wp-json\/wp\/v2\/media?parent=955"}],"wp:term":[{"taxonomy":"category","embeddable":true,"href":"https:\/\/avista-oil.be\/fr\/wp-json\/wp\/v2\/categories?post=955"},{"taxonomy":"post_tag","embeddable":true,"href":"https:\/\/avista-oil.be\/fr\/wp-json\/wp\/v2\/tags?post=955"},{"taxonomy":"yst_prominent_words","embeddable":true,"href":"https:\/\/avista-oil.be\/fr\/wp-json\/wp\/v2\/yst_prominent_words?post=955"}],"curies":[{"name":"wp","href":"https:\/\/api.w.org\/{rel}","templated":true}]}}