{"id":924,"date":"2022-03-28T13:28:29","date_gmt":"2022-03-28T11:28:29","guid":{"rendered":"https:\/\/avista.sedna.software\/?page_id=924"},"modified":"2025-02-16T16:10:27","modified_gmt":"2025-02-16T15:10:27","slug":"batteries","status":"publish","type":"page","link":"https:\/\/avista-oil.be\/fr\/batteries\/","title":{"rendered":"Batteries"},"content":{"rendered":"<div id=\"modal-ready\">\n<p><strong>Collecte \u00c9cologique des Batteries au Plomb avec AVISTA OIL \u2013 Simplicit\u00e9 et Tarifs Comp\u00e9titifs<\/strong><\/p>\n\n\n\n<p>Vous cherchez une solution \u00e9cologique pour la collecte des batteries au plomb ? AVISTA OIL, bas\u00e9e en Flandre mais active dans toute la Belgique, au Luxembourg et via des filiales aux Pays-Bas, en Allemagne, en Serbie, au Royaume-Uni, aux \u00c9tats-Unis et au Danemark, propose une solution compl\u00e8te pour la collecte et le recyclage responsables des batteries au plomb.<\/p>\n\n\n\n<p><strong>Pourquoi Choisir AVISTA OIL ?<\/strong><\/p>\n\n\n\n<ul class=\"wp-block-list\">\n<li>Approche \u00e9cologique : Nous nous engageons pour un avenir durable en collectant et recyclant les batteries au plomb de mani\u00e8re responsable.<\/li>\n<\/ul>\n\n\n\n<ul class=\"wp-block-list\">\n<li>Tarifs tr\u00e8s comp\u00e9titifs : B\u00e9n\u00e9ficiez de prix attractifs sans compromis sur la qualit\u00e9 ou le service.<br><\/li>\n\n\n\n<li>Simplification pour vous : Nous prenons tout en charge, de la planification \u00e0 l\u2019ex\u00e9cution, pour vous offrir une tranquillit\u00e9 d\u2019esprit totale.<br><\/li>\n\n\n\n<li>Toutes les autorisations en r\u00e8gle : AVISTA OIL dispose de tous les permis n\u00e9cessaires, garantissant un traitement professionnel et conforme \u00e0 la l\u00e9gislation.<\/li>\n<\/ul>\n\n\n\n<p><strong>Avantage Suppl\u00e9mentaire : Collecte d\u2019Huiles Usag\u00e9es<\/strong><br><br>Combine la collecte des batteries au plomb avec celle des huiles usag\u00e9es et profitez de tarifs encore plus avantageux. Ce double avantage fait d\u2019AVISTA OIL le partenaire id\u00e9al pour les entreprises soucieuses d\u2019efficacit\u00e9 et d\u2019environnement.<\/p>\n\n\n\n<p><strong>Nos Services dans toute la Belgique et au-del\u00e0<\/strong><br><br>Que vous soyez situ\u00e9 en Flandre, en Wallonie, \u00e0 Bruxelles ou au Luxembourg, AVISTA OIL est votre partenaire de confiance pour la collecte \u00e9cologique des batteries au plomb. Gr\u00e2ce \u00e0 notre r\u00e9seau \u00e9tendu de filiales, nous garantissons les m\u00eames standards \u00e9lev\u00e9s aux Pays-Bas, en Allemagne, en Serbie, au Royaume-Uni, aux \u00c9tats-Unis et au Danemark.<\/p>\n\n\n\n<p><strong>Optez pour le D\u00e9veloppement Durable et un Service Professionnel<\/strong><br><br>En choisissant AVISTA OIL, vous optez non seulement pour l\u2019\u00e9cologie, mais aussi pour un partenaire qui vous simplifie la vie. Nos tarifs comp\u00e9titifs, combin\u00e9s \u00e0 notre large gamme de services, font de nous le choix num\u00e9ro un pour les entreprises qui valorisent la durabilit\u00e9 et l\u2019efficacit\u00e9.<\/p>\n<\/div>","protected":false},"excerpt":{"rendered":"<p>Collecte \u00c9cologique des Batteries au Plomb avec AVISTA OIL \u2013 Simplicit\u00e9 et Tarifs Comp\u00e9titifs Vous cherchez une solution \u00e9cologique pour la collecte des batteries au plomb ? AVISTA OIL, bas\u00e9e en Flandre mais active dans toute la Belgique, au Luxembourg et via des filiales aux Pays-Bas, en Allemagne, en Serbie, au Royaume-Uni, aux \u00c9tats-Unis et [&hellip;]<\/p>\n","protected":false},"author":2,"featured_media":0,"parent":0,"menu_order":0,"comment_status":"closed","ping_status":"closed","template":"","meta":{"_acf_changed":false,"footnotes":""},"categories":[],"tags":[],"yst_prominent_words":[],"class_list":["post-924","page","type-page","status-publish","hentry"],"acf":[],"_links":{"self":[{"href":"https:\/\/avista-oil.be\/fr\/wp-json\/wp\/v2\/pages\/924","targetHints":{"allow":["GET"]}}],"collection":[{"href":"https:\/\/avista-oil.be\/fr\/wp-json\/wp\/v2\/pages"}],"about":[{"href":"https:\/\/avista-oil.be\/fr\/wp-json\/wp\/v2\/types\/page"}],"author":[{"embeddable":true,"href":"https:\/\/avista-oil.be\/fr\/wp-json\/wp\/v2\/users\/2"}],"replies":[{"embeddable":true,"href":"https:\/\/avista-oil.be\/fr\/wp-json\/wp\/v2\/comments?post=924"}],"version-history":[{"count":0,"href":"https:\/\/avista-oil.be\/fr\/wp-json\/wp\/v2\/pages\/924\/revisions"}],"wp:attachment":[{"href":"https:\/\/avista-oil.be\/fr\/wp-json\/wp\/v2\/media?parent=924"}],"wp:term":[{"taxonomy":"category","embeddable":true,"href":"https:\/\/avista-oil.be\/fr\/wp-json\/wp\/v2\/categories?post=924"},{"taxonomy":"post_tag","embeddable":true,"href":"https:\/\/avista-oil.be\/fr\/wp-json\/wp\/v2\/tags?post=924"},{"taxonomy":"yst_prominent_words","embeddable":true,"href":"https:\/\/avista-oil.be\/fr\/wp-json\/wp\/v2\/yst_prominent_words?post=924"}],"curies":[{"name":"wp","href":"https:\/\/api.w.org\/{rel}","templated":true}]}}