{"id":876,"date":"2017-05-04T10:45:50","date_gmt":"2017-05-04T08:45:50","guid":{"rendered":"https:\/\/avista.sedna.software\/privacy\/"},"modified":"2023-05-25T10:36:42","modified_gmt":"2023-05-25T08:36:42","slug":"politique-de-confidentialite","status":"publish","type":"page","link":"https:\/\/avista-oil.be\/fr\/politique-de-confidentialite\/","title":{"rendered":"Politique de confidentialit\u00e9"},"content":{"rendered":"<div id=\"modal-ready\">\n<p>Avista OIL respecte la vie priv\u00e9e des visiteurs de son site web, et en particulier les droits des visiteurs en mati\u00e8re de traitement automatis\u00e9 des donn\u00e9es personnelles. Afin de garantir une transparence totale \u00e0 nos clients, nous avons formul\u00e9 et mis en \u0153uvre une politique concernant ces traitements eux-m\u00eames, leur finalit\u00e9 et les possibilit\u00e9s pour les personnes concern\u00e9es d&rsquo;exercer au mieux leurs droits.<\/p>\n\n\n\n<p>Pour toute information compl\u00e9mentaire sur la protection des donn\u00e9es personnelles, veuillez consulter le site de l&rsquo;Autorit\u00e9 pour la protection des donn\u00e9es : https:\/\/www.autoriteprotectiondonnees.be\/citoyen.<\/p>\n\n\n\n<p>Avant que vous n&rsquo;acceptiez l&rsquo;utilisation de cookies et d&rsquo;autres syst\u00e8mes de suivi sur le site web, nous ne pla\u00e7ons aucun cookie analytique et\/ou cookie de suivi sur votre ordinateur, votre t\u00e9l\u00e9phone mobile ou votre tablette. En continuant \u00e0 naviguer sur ce site, vous acceptez les conditions d&rsquo;utilisation suivantes :<\/p>\n\n\n\n<p>La version actuelle de la politique de confidentialit\u00e9 disponible sur le site web est la seule version applicable tant que vous visitez le site web, jusqu&rsquo;\u00e0 ce qu&rsquo;une nouvelle version remplace la version actuelle.<\/p>\n\n\n\n<p><strong>Article 1 &#8211; Dispositions juridiques<\/strong><\/p>\n\n\n\n<p>1. Site web (ci-apr\u00e8s \u00e9galement d\u00e9nomm\u00e9 \u00ab\u00a0le site web\u00a0\u00bb) : https:\/\/www.avista-oil.be\/<\/p>\n\n\n\n<p>2. Responsable du traitement des donn\u00e9es \u00e0 caract\u00e8re personnel (ci-apr\u00e8s \u00e9galement d\u00e9nomm\u00e9 \u00a0\u00bb l&rsquo;administrateur \u00ab\u00a0) : AVISTA OIL, dont le si\u00e8ge social est situ\u00e9 \u00e0 Meulebekestraat 145, 8770 Ingelmunster.<\/p>\n\n\n\n<p><strong>Article 2 &#8211; Acc\u00e8s au site<\/strong><\/p>\n\n\n\n<p>L&rsquo;acc\u00e8s au site et son utilisation sont strictement personnels. Ni ce site web, ni les donn\u00e9es et informations qu&rsquo;il contient ne peuvent \u00eatre utilis\u00e9s pour des raisons commerciales, politiques ou publicitaires ou pour des offres commerciales, et en particulier pas pour des offres \u00e9lectroniques non sollicit\u00e9es.<\/p>\n\n\n\n<p><strong>Article 3 &#8211; Le contenu du site web &nbsp;<\/strong><\/p>\n\n\n\n<p>Toutes les marques, images, textes, commentaires, illustrations, photos (anim\u00e9es), images vid\u00e9o, sons, ainsi que toutes les applications techniques permettant de faire fonctionner le site et, plus g\u00e9n\u00e9ralement, tous les \u00e9l\u00e9ments utilis\u00e9s sur ce site, sont prot\u00e9g\u00e9s par des droits de propri\u00e9t\u00e9 intellectuelle. Toute reproduction, repr\u00e9sentation, utilisation ou adaptation, de quelque mani\u00e8re que ce soit, de tout ou partie du site, y compris les applications techniques, est strictement interdite sans l&rsquo;accord pr\u00e9alable et \u00e9crit du responsable.<\/p>\n\n\n\n<p><strong>Article 4 &#8211; Gestion du site web<\/strong><\/p>\n\n\n\n<p>Pour la bonne gestion du site web, le gestionnaire peut, \u00e0 tout moment :<\/p>\n\n\n\n<ul class=\"wp-block-list\"><li>suspendre, interrompre ou restreindre l&rsquo;acc\u00e8s \u00e0 tout ou partie du site web \u00e0 une cat\u00e9gorie sp\u00e9cifique de visiteurs<\/li><li>supprimer toute information susceptible de perturber le fonctionnement du site web ou de constituer une violation de la l\u00e9gislation nationale ou internationale ou de l&rsquo;\u00e9tiquette Internet ;<\/li><li>rendre le site web temporairement indisponible pour effectuer des mises \u00e0 jour.<\/li><\/ul>\n\n\n\n<p><strong>Article 5 &#8211; Responsabilit\u00e9s<\/strong><\/p>\n\n\n\n<ul class=\"wp-block-list\"><li>L&rsquo;administrateur n&rsquo;est en aucun cas responsable des d\u00e9faillances, pannes, difficult\u00e9s ou interruptions du fonctionnement du site web, en raison desquelles le site web ou une de ses fonctionnalit\u00e9s n&rsquo;est pas accessible. La mani\u00e8re dont vous vous connectez au site web est enti\u00e8rement sous votre responsabilit\u00e9. Il vous incombe de prendre toutes les mesures appropri\u00e9es pour prot\u00e9ger votre \u00e9quipement et vos donn\u00e9es contre, entre autres, les attaques de virus sur Internet. Vous \u00eates \u00e9galement responsable des sites et des donn\u00e9es que vous consultez sur l&rsquo;internet.<\/li><li>L&rsquo;administrateur n&rsquo;est pas responsable des proc\u00e9dures judiciaires qui pourraient \u00eatre engag\u00e9es contre vous :<\/li><\/ul>\n\n\n\n<ul class=\"wp-block-list\"><li>en raison de l&rsquo;utilisation du site web ou des services accessibles via Internet<\/li><li>en raison de la violation des conditions de la pr\u00e9sente politique de confidentialit\u00e9<\/li><\/ul>\n\n\n\n<ul class=\"wp-block-list\"><li>L&rsquo;administrateur n&rsquo;est pas responsable des dommages que vous, des tiers ou votre \u00e9quipement pourraient subir du fait de votre connexion au site ou de son utilisation. Vous vous abstiendrez de toute action contre l&rsquo;administrateur en cons\u00e9quence.<\/li><li>Si l&rsquo;administrateur est impliqu\u00e9 dans un litige r\u00e9sultant de votre utilisation de ce site web, il a le droit de r\u00e9cup\u00e9rer aupr\u00e8s de vous tous les dommages qu&rsquo;il a subis et qu&rsquo;il subira de ce fait.<\/li><\/ul>\n\n\n\n<p><strong>Article 6 &#8211; Collecte des donn\u00e9es<\/strong><\/p>\n\n\n\n<ul class=\"wp-block-list\"><li>Vos donn\u00e9es sont collect\u00e9es par AVISTA OIL Par donn\u00e9es personnelles, on entend : toute information concernant une personne physique identifi\u00e9e ou identifiable ; est r\u00e9put\u00e9e identifiable une personne physique qui peut \u00eatre identifi\u00e9e, directement ou indirectement, notamment au moyen d&rsquo;un identifiant tel qu&rsquo;un nom, un num\u00e9ro d&rsquo;identification, des donn\u00e9es de localisation, un identifiant en ligne ou un ou plusieurs \u00e9l\u00e9ments caract\u00e9ristiques de l&rsquo;identit\u00e9 physique, physiologique, g\u00e9n\u00e9tique, psychique, \u00e9conomique, culturelle ou sociale.<\/li><li>Les donn\u00e9es personnelles collect\u00e9es sur le site web sont utilis\u00e9es par l&rsquo;op\u00e9rateur principalement pour entretenir des relations avec vous et, le cas \u00e9ch\u00e9ant, pour traiter vos commandes.<\/li><\/ul>\n\n\n\n<p><strong>Article 7 &#8211; Vos droits \u00e0 l&rsquo;\u00e9gard de vos donn\u00e9es<\/strong><\/p>\n\n\n\n<ul class=\"wp-block-list\"><li>Sur la base de l&rsquo;article 13, alin\u00e9a 2, lettre b de la LVA, toute personne a le droit de consulter, de rectifier ou d&rsquo;effacer ses donn\u00e9es personnelles ou de limiter le traitement en question. Chaque visiteur a \u00e9galement le droit de s&rsquo;opposer au traitement de ses donn\u00e9es personnelles et le droit \u00e0 la portabilit\u00e9 des donn\u00e9es. Vous pouvez exercer ces droits en nous contactant \u00e0 l&rsquo;adresse info@avista-oil.be.<\/li><li>Toute demande de ce type doit \u00eatre accompagn\u00e9e d&rsquo;une copie d&rsquo;un document d&rsquo;identit\u00e9 valide, sur lequel vous avez appos\u00e9 votre signature, et de l&rsquo;adresse \u00e0 laquelle vous pouvez \u00eatre contact\u00e9. Vous recevrez une r\u00e9ponse \u00e0 votre demande dans un d\u00e9lai d&rsquo;un mois \u00e0 compter de son introduction. En fonction de la complexit\u00e9 des demandes et du nombre de demandes, ce d\u00e9lai peut \u00eatre prolong\u00e9 de 2 mois si n\u00e9cessaire.<\/li><\/ul>\n\n\n\n<p><strong>Article 8 &#8211; Traitement des donn\u00e9es \u00e0 caract\u00e8re personnel<\/strong><\/p>\n\n\n\n<ul class=\"wp-block-list\"><li>En cas de violation d&rsquo;une loi ou d&rsquo;un r\u00e8glement, dont le visiteur est soup\u00e7onn\u00e9 et pour laquelle les autorit\u00e9s ont besoin des donn\u00e9es personnelles collect\u00e9es par l&rsquo;administrateur, celles-ci leur seront fournies suite \u00e0 une demande explicite et motiv\u00e9e de ces autorit\u00e9s, apr\u00e8s quoi ces donn\u00e9es personnelles ne seront plus sous la protection des dispositions de la pr\u00e9sente d\u00e9claration de confidentialit\u00e9.<\/li><li>Si certaines informations sont n\u00e9cessaires pour acc\u00e9der \u00e0 certaines fonctionnalit\u00e9s du site, l&rsquo;administrateur indiquera le caract\u00e8re obligatoire de ces informations lorsqu&rsquo;elles lui seront demand\u00e9es.<\/li><\/ul>\n\n\n\n<p><strong>Article 9 &#8211; Offres commerciales<\/strong><\/p>\n\n\n\n<ul class=\"wp-block-list\"><li>Vous pouvez recevoir des offres commerciales de la part de l&rsquo;administrateur. Si vous ne souhaitez plus les recevoir, veuillez envoyer un courrier \u00e9lectronique \u00e0 l&rsquo;adresse suivante : info@avista-oil.be.<\/li><li>Si vous rencontrez des donn\u00e9es personnelles lors de votre visite sur le site, vous devez vous abstenir de les collecter ou de toute autre utilisation non autoris\u00e9e, ainsi que de tout acte portant atteinte \u00e0 la vie priv\u00e9e de la ou des personnes concern\u00e9es. L&rsquo;administrateur n&rsquo;est en aucun cas responsable dans les situations susmentionn\u00e9es.<\/li><\/ul>\n\n\n\n<p><strong>Article 10 &#8211; P\u00e9riode de conservation des donn\u00e9es<\/strong><\/p>\n\n\n\n<p>Les donn\u00e9es recueillies par l&rsquo;administrateur du site seront utilis\u00e9es et conserv\u00e9es pendant la dur\u00e9e pr\u00e9vue par la loi.<\/p>\n\n\n\n<p><strong>Article 11 &#8211; Cookies&nbsp;<\/strong><\/p>\n\n\n\n<p>Un cookie est un petit fichier texte qui est mis sur le disque dur de votre ordinateur, t\u00e9l\u00e9phone ou tablette lorsque vous visitez notre site internet. Un cookie contient des donn\u00e9es permettant de vous reconna\u00eetre en tant que visiteur \u00e0 chaque fois que vous visitez notre site web. Il est alors possible de personnaliser notre site web pour vous et de faciliter votre connexion. Lorsque vous visitez notre site web, une banni\u00e8re appara\u00eet pour vous informer de l&rsquo;utilisation de cookies. Lorsque vous continuez \u00e0 naviguer sur notre site web, vous acceptez leur utilisation. Votre consentement est valable pour une p\u00e9riode de treize mois.<\/p>\n\n\n\n<p>Nous utilisons les types de cookies suivants sur notre site web :<\/p>\n\n\n\n<ul class=\"wp-block-list\"><li>Google Analytics (cookie analytique)<\/li><li>Cookies fonctionnels : tels que les cookies de session et de connexion pour conserver la trace des informations de session et de connexion.<\/li><li>Cookies analytiques : pour avoir un aper\u00e7u du nombre de visiteurs de notre site web sur la base d&rsquo;informations sur le nombre de visiteurs, les pages et les sujets populaires. Cela nous permet de mieux adapter la communication et l&rsquo;information aux besoins des visiteurs de notre site web. Nous ne pouvons pas voir qui visite nos sites web ni \u00e0 partir de quel PC la visite a lieu.<\/li><li>Lorsque vous visitez notre site web, des cookies de la partie responsable et\/ou de tiers peuvent \u00eatre install\u00e9s sur votre \u00e9quipement. Lors de votre premi\u00e8re visite sur le site, une banni\u00e8re appara\u00eetra pour vous informer de l&rsquo;utilisation de cookies. Lorsque vous continuez \u00e0 naviguer sur le site, vous acceptez leur utilisation. Votre consentement est valable pour une p\u00e9riode de treize mois.<\/li><\/ul>\n\n\n\n<p>Pour plus d&rsquo;informations sur l&rsquo;utilisation, la gestion et la suppression des cookies pour chaque type de syst\u00e8me d&rsquo;exploitation, nous vous invitons \u00e0 consulter le lien suivant : https:\/\/www.autoriteprotectiondonnees.be\/citoyen<\/p>\n\n\n\n<p><strong>Article 12 &#8211; Mat\u00e9riel visuel et produits offerts<\/strong><\/p>\n\n\n\n<p>Aucun droit ne peut \u00eatre tir\u00e9 du mat\u00e9riel visuel associ\u00e9 aux produits propos\u00e9s sur le site web.<\/p>\n\n\n\n<p><strong>Article 13 &#8211; Droit applicable<\/strong><\/p>\n\n\n\n<p>Les pr\u00e9sentes conditions sont r\u00e9gies par le droit belge. Le tribunal du lieu de r\u00e9sidence\/\u00e9tablissement de l&rsquo;administrateur est seul et exclusivement comp\u00e9tent pour tout litige relatif aux pr\u00e9sentes conditions, sauf exception l\u00e9gale.<\/p>\n\n\n\n<p><strong>Article 14 &#8211; Contact<\/strong><\/p>\n\n\n\n<p>Pour toute question, information sur les produits ou sur le site web lui-m\u00eame, veuillez contacter : info@avista-oil.be, +32 51 48 75 47.<\/p>\n<\/div>","protected":false},"excerpt":{"rendered":"<p>Avista OIL respecte la vie priv\u00e9e des visiteurs de son site web, et en particulier les droits des visiteurs en mati\u00e8re de traitement automatis\u00e9 des donn\u00e9es personnelles. Afin de garantir une transparence totale \u00e0 nos clients, nous avons formul\u00e9 et mis en \u0153uvre une politique concernant ces traitements eux-m\u00eames, leur finalit\u00e9 et les possibilit\u00e9s pour [&hellip;]<\/p>\n","protected":false},"author":2,"featured_media":0,"parent":0,"menu_order":0,"comment_status":"closed","ping_status":"closed","template":"","meta":{"_acf_changed":false,"footnotes":""},"categories":[479],"tags":[],"yst_prominent_words":[],"class_list":["post-876","page","type-page","status-publish","hentry","category-service-fr"],"acf":[],"_links":{"self":[{"href":"https:\/\/avista-oil.be\/fr\/wp-json\/wp\/v2\/pages\/876","targetHints":{"allow":["GET"]}}],"collection":[{"href":"https:\/\/avista-oil.be\/fr\/wp-json\/wp\/v2\/pages"}],"about":[{"href":"https:\/\/avista-oil.be\/fr\/wp-json\/wp\/v2\/types\/page"}],"author":[{"embeddable":true,"href":"https:\/\/avista-oil.be\/fr\/wp-json\/wp\/v2\/users\/2"}],"replies":[{"embeddable":true,"href":"https:\/\/avista-oil.be\/fr\/wp-json\/wp\/v2\/comments?post=876"}],"version-history":[{"count":0,"href":"https:\/\/avista-oil.be\/fr\/wp-json\/wp\/v2\/pages\/876\/revisions"}],"wp:attachment":[{"href":"https:\/\/avista-oil.be\/fr\/wp-json\/wp\/v2\/media?parent=876"}],"wp:term":[{"taxonomy":"category","embeddable":true,"href":"https:\/\/avista-oil.be\/fr\/wp-json\/wp\/v2\/categories?post=876"},{"taxonomy":"post_tag","embeddable":true,"href":"https:\/\/avista-oil.be\/fr\/wp-json\/wp\/v2\/tags?post=876"},{"taxonomy":"yst_prominent_words","embeddable":true,"href":"https:\/\/avista-oil.be\/fr\/wp-json\/wp\/v2\/yst_prominent_words?post=876"}],"curies":[{"name":"wp","href":"https:\/\/api.w.org\/{rel}","templated":true}]}}