{"id":872,"date":"2017-05-04T10:45:41","date_gmt":"2017-05-04T08:45:41","guid":{"rendered":"https:\/\/avista.sedna.software\/disclaimer\/"},"modified":"2023-05-25T10:10:08","modified_gmt":"2023-05-25T08:10:08","slug":"avis-juridique-exoneration-de-responsabilite","status":"publish","type":"page","link":"https:\/\/avista-oil.be\/fr\/avis-juridique-exoneration-de-responsabilite\/","title":{"rendered":"Avis juridique \u2013 Exon\u00e9ration de responsabilit\u00e9"},"content":{"rendered":"<div id=\"modal-ready\"><p class=\"p1\">Sur cette page, vous trouverez l\u2019exon\u00e9ration de responsabilit\u00e9 de https:\/\/www.avista-oil.be, telle qu&rsquo;elle a \u00e9t\u00e9 mise \u00e0 disposition par AVISTA OIL Dans cette exon\u00e9ration de responsabilit\u00e9, nous indiquons les conditions dans lesquelles nous vous offrons les informations sur notre site web.<\/p>\n<p class=\"p2\">Propri\u00e9t\u00e9 intellectuelle<\/p>\n<p class=\"p3\">L&rsquo;utilisation des informations de ce site web est gratuite \u00e0 condition de ne pas les copier, les distribuer ou en faire un usage inappropri\u00e9. Vous ne pouvez r\u00e9utiliser les informations de ce site que conform\u00e9ment aux dispositions de la loi obligatoire.<\/p>\n<p class=\"p1\">Sans l&rsquo;autorisation \u00e9crite expresse de AVISTA OIL, il n&rsquo;est pas permis de r\u00e9utiliser des textes, des photos ou d&rsquo;autres \u00e9l\u00e9ments de ce site web. Les droits de propri\u00e9t\u00e9 intellectuelle sont d\u00e9tenus par AVISTA OIL.<\/p>\n<p class=\"p2\">Aucune garantie d&rsquo;exactitude<\/p>\n<p class=\"p3\">Le cas \u00e9ch\u00e9ant :<\/p>\n<p class=\"p3\">En ce qui concerne les prix affich\u00e9s sur notre site web, nous nous effor\u00e7ons d&rsquo;\u00eatre aussi pr\u00e9cis que possible pour refl\u00e9ter la r\u00e9alit\u00e9 et les prix mentionn\u00e9s. Les inexactitudes qui sont identifiables comme \u00e9tant des erreurs de programmation ou de frappe ne constituent jamais un motif pour revendiquer ou assumer un contrat ou un accord avec AVISTA OIL.<\/p>\n<p class=\"p3\">AVISTA OIL s&rsquo;efforce de maintenir ce site web aussi \u00e0 jour que possible. Si, malgr\u00e9 ces efforts, les informations ou le contenu de ce site web \u00e9taient incomplets et\/ou incorrects, nous ne pourrions en \u00eatre tenus responsables.<\/p>\n<p class=\"p5\">Les informations et\/ou produits figurant sur ce site web sont propos\u00e9s sans aucune forme de garantie et\/ou de pr\u00e9tention \u00e0 l&rsquo;exactitude. Nous nous r\u00e9servons le droit de modifier, supprimer ou r\u00e9afficher ces \u00e9l\u00e9ments sans pr\u00e9avis. AVISTA OIL d\u00e9cline toute responsabilit\u00e9 quant aux informations figurant sur les sites web vers lesquels nous fournissons des hyperliens.<\/p>\n<p class=\"p6\">Changements<\/p>\n<p class=\"p3\">En cas de modification de cette exon\u00e9ration de responsabilit\u00e9, vous trouverez la version la plus r\u00e9cente sur https:\/\/www.avista-oil.be.<\/p>\n<\/div>","protected":false},"excerpt":{"rendered":"<p>Sur cette page, vous trouverez l\u2019exon\u00e9ration de responsabilit\u00e9 de https:\/\/www.avista-oil.be, telle qu&rsquo;elle a \u00e9t\u00e9 mise \u00e0 disposition par AVISTA OIL Dans cette exon\u00e9ration de responsabilit\u00e9, nous indiquons les conditions dans lesquelles nous vous offrons les informations sur notre site web. Propri\u00e9t\u00e9 intellectuelle L&rsquo;utilisation des informations de ce site web est gratuite \u00e0 condition de ne [&hellip;]<\/p>\n","protected":false},"author":2,"featured_media":0,"parent":0,"menu_order":0,"comment_status":"closed","ping_status":"closed","template":"","meta":{"_acf_changed":false,"footnotes":""},"categories":[479],"tags":[],"yst_prominent_words":[],"class_list":["post-872","page","type-page","status-publish","hentry","category-service-fr"],"acf":[],"_links":{"self":[{"href":"https:\/\/avista-oil.be\/fr\/wp-json\/wp\/v2\/pages\/872","targetHints":{"allow":["GET"]}}],"collection":[{"href":"https:\/\/avista-oil.be\/fr\/wp-json\/wp\/v2\/pages"}],"about":[{"href":"https:\/\/avista-oil.be\/fr\/wp-json\/wp\/v2\/types\/page"}],"author":[{"embeddable":true,"href":"https:\/\/avista-oil.be\/fr\/wp-json\/wp\/v2\/users\/2"}],"replies":[{"embeddable":true,"href":"https:\/\/avista-oil.be\/fr\/wp-json\/wp\/v2\/comments?post=872"}],"version-history":[{"count":0,"href":"https:\/\/avista-oil.be\/fr\/wp-json\/wp\/v2\/pages\/872\/revisions"}],"wp:attachment":[{"href":"https:\/\/avista-oil.be\/fr\/wp-json\/wp\/v2\/media?parent=872"}],"wp:term":[{"taxonomy":"category","embeddable":true,"href":"https:\/\/avista-oil.be\/fr\/wp-json\/wp\/v2\/categories?post=872"},{"taxonomy":"post_tag","embeddable":true,"href":"https:\/\/avista-oil.be\/fr\/wp-json\/wp\/v2\/tags?post=872"},{"taxonomy":"yst_prominent_words","embeddable":true,"href":"https:\/\/avista-oil.be\/fr\/wp-json\/wp\/v2\/yst_prominent_words?post=872"}],"curies":[{"name":"wp","href":"https:\/\/api.w.org\/{rel}","templated":true}]}}