{"id":870,"date":"2018-05-25T10:20:50","date_gmt":"2018-05-25T08:20:50","guid":{"rendered":"https:\/\/avista.sedna.software\/cookie-verklaring\/"},"modified":"2023-05-25T10:13:55","modified_gmt":"2023-05-25T08:13:55","slug":"declaration-sur-les-cookies","status":"publish","type":"page","link":"https:\/\/avista-oil.be\/fr\/declaration-sur-les-cookies\/","title":{"rendered":"D\u00e9claration sur les cookies"},"content":{"rendered":"<div id=\"modal-ready\"><p class=\"p1\">1. www.avista-oil.be utilise des cookies<\/p>\n<p class=\"p1\">Les cookies sont de simples petits fichiers que nous envoyons avec les pages de ce site web et\/ou les applications Flash. Ils sont stock\u00e9s sur le disque dur de votre ordinateur, de votre t\u00e9l\u00e9phone mobile, de votre smartwatch ou de votre tablette et collectent des informations qui peuvent \u00eatre renvoy\u00e9es \u00e0 nos serveurs lors de votre prochaine visite sur notre site web.<\/p>\n<p class=\"p1\">Nous utilisons les informations que nous recueillons pour assurer le bon fonctionnement de notre site web. En outre, nous pouvons \u00e9galement utiliser les donn\u00e9es (anonymes) de nos visiteurs pour am\u00e9liorer notre site web et le rendre plus convivial. Les cookies sont donc importants pour nous mais aussi pour vous, m\u00eame si vous n&rsquo;en voyez pas l&rsquo;effet.<\/p>\n<p class=\"p1\">2. Permission<\/p>\n<p class=\"p1\">L&rsquo;utilisation de certains cookies n\u00e9cessite votre permission. Nous vous demandons votre accord au moyen d&rsquo;une banni\u00e8re dite \u00ab\u00a0cookie\u00a0\u00bb.<\/p>\n<p class=\"p1\">3. Nos types de cookies utilis\u00e9s et leurs objectifs<\/p>\n<p class=\"p1\">Veuillez trouver ci-dessous les cookies que nous utilisons :<\/p>\n<p class=\"p1\">Nous utilisons des cookies fonctionnels pour que notre site web fonctionne mieux et soit plus convivial pour vous. Par exemple, nous stockons vos donn\u00e9es de connexion ou ce que vous mettez dans votre panier.<\/p>\n<p class=\"p1\">Les cookies analytiques nous renseignent sur les visiteurs de notre site web, de mani\u00e8re anonyme bien s\u00fbr. Chaque fois que vous visitez un site web, un cookie anonyme est g\u00e9n\u00e9r\u00e9. Lorsque vous visitez \u00e0 nouveau le m\u00eame site web par la suite, le cookie pr\u00e9existant est utilis\u00e9 pour v\u00e9rifier si vous avez d\u00e9j\u00e0 visit\u00e9 le site web auparavant. Ce cookie est utilis\u00e9 \u00e0 des fins statistiques uniquement. Les cookies analytiques peuvent \u00eatre utilis\u00e9s pour collecter les donn\u00e9es suivantes:<\/p>\n<p class=\"p1\">le nombre de visiteurs uniques<\/p>\n<p class=\"p1\">la fr\u00e9quence \u00e0 laquelle les utilisateurs visitent le site<\/p>\n<p class=\"p1\">Les pages consult\u00e9es par les utilisateurs<\/p>\n<p class=\"p1\">la dur\u00e9e d&rsquo;affichage d&rsquo;une page particuli\u00e8re par les utilisateurs<\/p>\n<p class=\"p1\">\u00e0 quelle page les visiteurs quittent le site<\/p>\n<p class=\"p1\">Les cookies li\u00e9s aux m\u00e9dias sociaux indiquent aux m\u00e9dias sociaux tels que Facebook et LinkedIn quels articles et pages vous partagez via leurs boutons de partage de m\u00e9dias sociaux. Ils peuvent \u00e9galement contenir des cookies de suivi qui suivent votre comportement de navigation sur le web.<\/p>\n<p class=\"p1\">Les cookies d&rsquo;am\u00e9lioration du site nous permettent de tester la fr\u00e9quence de visite de diff\u00e9rentes versions de pages web.<\/p>\n<p class=\"p1\">4. Vos droits par rapport \u00e0 vos donn\u00e9es<\/p>\n<p class=\"p1\">Dans le respect de la l\u00e9gislation europ\u00e9enne sur la protection de la vie priv\u00e9e, vous conservez le plein contr\u00f4le de vos donn\u00e9es personnelles. Plus pr\u00e9cis\u00e9ment, vous disposez d&rsquo;un droit d&rsquo;acc\u00e8s, de rectification, de limitation et, le cas \u00e9ch\u00e9ant, de suppression de vos donn\u00e9es personnelles. En outre, vous avez le droit de vous opposer au traitement des donn\u00e9es \u00e0 caract\u00e8re personnel et le droit \u00e0 la portabilit\u00e9 des donn\u00e9es. Vous pouvez exercer ces droits en nous envoyant un e-mail \u00e0 l&rsquo;adresse info@avista-oil.be. Pour \u00e9viter toute utilisation abusive, nous pouvons vous demander de fournir une identification ad\u00e9quate. Lorsqu&rsquo;il s&rsquo;agit d&rsquo;acc\u00e9der \u00e0 des donn\u00e9es personnelles li\u00e9es \u00e0 un cookie, nous vous demandons d&rsquo;envoyer une copie du cookie en question. Vous pouvez le trouver dans les param\u00e8tres de votre browser.<\/p>\n<p class=\"p1\">5. Blocage et suppression des cookies<\/p>\n<p class=\"p1\">Vous pouvez toujours bloquer et supprimer facilement les cookies vous-m\u00eame \u00e0 l&rsquo;aide de votre browser internet. Vous pouvez \u00e9galement configurer votre browser internet de telle sorte que vous receviez un message lorsqu&rsquo;un cookie est plac\u00e9. Vous pouvez m\u00eame indiquer que certains cookies ne peuvent pas \u00eatre plac\u00e9s. Vous trouverez de plus amples informations \u00e0 ce sujet dans la fonction d&rsquo;aide de votre browser. Important : la suppression des cookies dans votre browser peut avoir des cons\u00e9quences sur l&rsquo;utilisation agr\u00e9able de ce site web.<\/p>\n<p class=\"p1\">Certains cookies de suivi sont plac\u00e9s par des tiers qui, entre autres, vous montrent des publicit\u00e9s par le biais de notre site web. Vous pouvez supprimer ces cookies de mani\u00e8re centralis\u00e9e sur www.youronlinechoices.eu.<\/p>\n<p class=\"p1\">Le blocage des cookies peut avoir des cons\u00e9quences sur le fonctionnement de notre site web. Il se peut que certaines fonctions du site ne fonctionnent plus ou m\u00eame que vous ne puissiez plus du tout visiter le site. En outre, le fait de refuser les cookies ne signifie pas que vous ne verrez plus aucune publicit\u00e9. C&rsquo;est juste que les publicit\u00e9s ne seront plus adapt\u00e9es \u00e0 vos int\u00e9r\u00eats et pourront donc \u00eatre r\u00e9p\u00e9t\u00e9es plus souvent.<\/p>\n<p class=\"p1\">La fa\u00e7on dont vous pouvez ajuster vos param\u00e8tres est diff\u00e9rente pour chaque browser. Si n\u00e9cessaire, consultez la fonction d&rsquo;aide de votre browser, ou cliquez sur l&rsquo;une des ic\u00f4nes ci-dessous pour acc\u00e9der directement au manuel de votre browser.<\/p>\n<p class=\"p1\">&#8211; Firefox : https:\/\/support.mozilla.org\/fr\/kb\/effacer-cookies-donnees-site-firefox<\/p>\n<p class=\"p1\">&#8211; Google Chrome : https:\/\/support.google.com\/chrome\/answer\/95647?co=GENIE.Platform=Desktop&amp;hl=fr<\/p>\n<p class=\"p1\">&#8211; Internet Explorer : https:\/\/support.microsoft.com\/fr-fr\/windows\/supprimer-et-g%C3%A9rer-les-cookies-168dab11-0753-043d-7c16-ede5947fc64d<\/p>\n<p class=\"p1\">&#8211; Safari : https:\/\/support.apple.com\/fr-be\/HT201265<\/p>\n<p class=\"p1\">6. Nouveaux d\u00e9veloppements et cookies impr\u00e9vus<\/p>\n<p class=\"p1\">Les textes de notre site web peuvent \u00eatre modifi\u00e9s \u00e0 tout moment en raison des \u00e9volutions en cours. Ceci s&rsquo;applique \u00e9galement \u00e0 notre d\u00e9claration sur les cookies. Veuillez donc lire r\u00e9guli\u00e8rement cette d\u00e9claration pour vous tenir au courant de tout changement.<\/p>\n<p class=\"p1\">Les articles du blog peuvent faire appel \u00e0 des contenus h\u00e9berg\u00e9s sur d&rsquo;autres sites et rendus accessibles sur www.avista-oil.be au moyen de certains codes (contenus int\u00e9gr\u00e9s). Pensez par exemple aux vid\u00e9os YouTube. Ces codes font souvent appel \u00e0 des cookies. Toutefois, nous n&rsquo;avons aucun contr\u00f4le sur ce que ces tiers font avec leurs cookies.<\/p>\n<p class=\"p1\">Il est \u00e9galement possible que des cookies soient plac\u00e9s sur nos sites web par des tiers, ce dont nous ne sommes pas toujours conscients. Trouvez-vous sur notre site web des cookies impr\u00e9vus qui ne font pas partie de notre aper\u00e7u ? Veuillez nous en informer \u00e0 l&rsquo;adresse info@avista-oil.be. Vous pouvez \u00e9galement contacter directement le tiers pour lui demander quels sont les cookies qu&rsquo;il a plac\u00e9s, pour quelle raison, quelle est la dur\u00e9e de vie du cookie et comment il a garanti votre confidentialit\u00e9.<\/p>\n<p class=\"p1\">7. Remarques finales<\/p>\n<p class=\"p1\">Nous devrons modifier cette d\u00e9claration de temps \u00e0 autre, par exemple lorsque nous mettons \u00e0 jour notre site web ou lorsque les r\u00e8gles relatives aux cookies changent. Vous pouvez consulter cette page web pour obtenir la derni\u00e8re version.<\/p>\n<p class=\"p1\">Avez-vous des questions et\/ou des remarques concernant cette d\u00e9claration ? Veuillez nous contacter \u00e0 l&rsquo;adresse info@avista-oil.be.<\/p>\n<p class=\"p1\">Cette version est dat\u00e9e du 25 mai 2018<\/p>\n<\/div>","protected":false},"excerpt":{"rendered":"<p>1. www.avista-oil.be utilise des cookies Les cookies sont de simples petits fichiers que nous envoyons avec les pages de ce site web et\/ou les applications Flash. Ils sont stock\u00e9s sur le disque dur de votre ordinateur, de votre t\u00e9l\u00e9phone mobile, de votre smartwatch ou de votre tablette et collectent des informations qui peuvent \u00eatre renvoy\u00e9es [&hellip;]<\/p>\n","protected":false},"author":2,"featured_media":0,"parent":0,"menu_order":0,"comment_status":"closed","ping_status":"closed","template":"","meta":{"_acf_changed":false,"footnotes":""},"categories":[479],"tags":[],"yst_prominent_words":[],"class_list":["post-870","page","type-page","status-publish","hentry","category-service-fr"],"acf":[],"_links":{"self":[{"href":"https:\/\/avista-oil.be\/fr\/wp-json\/wp\/v2\/pages\/870","targetHints":{"allow":["GET"]}}],"collection":[{"href":"https:\/\/avista-oil.be\/fr\/wp-json\/wp\/v2\/pages"}],"about":[{"href":"https:\/\/avista-oil.be\/fr\/wp-json\/wp\/v2\/types\/page"}],"author":[{"embeddable":true,"href":"https:\/\/avista-oil.be\/fr\/wp-json\/wp\/v2\/users\/2"}],"replies":[{"embeddable":true,"href":"https:\/\/avista-oil.be\/fr\/wp-json\/wp\/v2\/comments?post=870"}],"version-history":[{"count":0,"href":"https:\/\/avista-oil.be\/fr\/wp-json\/wp\/v2\/pages\/870\/revisions"}],"wp:attachment":[{"href":"https:\/\/avista-oil.be\/fr\/wp-json\/wp\/v2\/media?parent=870"}],"wp:term":[{"taxonomy":"category","embeddable":true,"href":"https:\/\/avista-oil.be\/fr\/wp-json\/wp\/v2\/categories?post=870"},{"taxonomy":"post_tag","embeddable":true,"href":"https:\/\/avista-oil.be\/fr\/wp-json\/wp\/v2\/tags?post=870"},{"taxonomy":"yst_prominent_words","embeddable":true,"href":"https:\/\/avista-oil.be\/fr\/wp-json\/wp\/v2\/yst_prominent_words?post=870"}],"curies":[{"name":"wp","href":"https:\/\/api.w.org\/{rel}","templated":true}]}}