{"id":831,"date":"2017-04-24T14:33:39","date_gmt":"2017-04-24T12:33:39","guid":{"rendered":"https:\/\/avista.sedna.software\/oliefilters-afvoeren\/"},"modified":"2025-02-16T15:02:03","modified_gmt":"2025-02-16T14:02:03","slug":"filtres-a-huile","status":"publish","type":"page","link":"https:\/\/avista-oil.be\/fr\/filtres-a-huile\/","title":{"rendered":"Filtres \u00e0 huile"},"content":{"rendered":"<div id=\"modal-ready\"><h2 class=\"p1\">La collecte des filtres \u00e0 huile<\/h2>\n<p class=\"p1\">Les filtres \u00e0 huile sont principalement utilis\u00e9s dans les voitures, les tracteurs, les bateaux ou les machines (agricoles). Ils sont destin\u00e9s \u00e0 emp\u00eacher l&rsquo;entr\u00e9e de la poussi\u00e8re et de la salet\u00e9 qui peuvent se retrouver dans l&rsquo;huile des moteurs \u00e0 combustion. Les filtres \u00e0 huile doivent donc \u00eatre remplac\u00e9s r\u00e9guli\u00e8rement.<\/p>\n<p class=\"p2\">AVISTA OIL ne se contente pas de collecter les huiles usag\u00e9es, mais peut \u00e9galement se charger de la collecte des filtres \u00e0 huile anciens et usag\u00e9s.<\/p>\n<h3 class=\"p3\">Recyclage et collecte des filtres \u00e0 huile usag\u00e9s<\/h3>\n<p class=\"p4\">Pour la collecte des filtres \u00e0 huile anciens et usag\u00e9s, nous utilisons des \u00e9quipements modernes et nous garantissons \u00e9galement le traitement le plus \u00e9cologique des filtres \u00e0 huile que nous enlevons de chez vous. Notre objectif ? Peser le moins possible sur l&rsquo;environnement et recycler autant que possible.<\/p>\n<h3 class=\"p5\">AVISTA OIL : votre partenaire pour la collecte de tous les d\u00e9chets huileux et des filtres \u00e0 huile<\/h3>\n<p class=\"p6\">Chez AVISTA OIL, nous ne nous occupons non seulement de la collecte des filtres \u00e0 huile dans le cadre des d\u00e9chets de garage, mais aussi de la collecte des r\u00e9sidus de carburant, du liquide de frein, des filtres \u00e0 huile et de l&rsquo;huile\/eau\/boue.<\/p>\n<p class=\"p7\"><strong>D\u00e9marcation<\/strong><\/p>\n<p class=\"p6\">Les filtres \u00e0 huile sont utilis\u00e9s pour purifier l&rsquo;huile lubrifiante et les huiles hydrauliques dans les v\u00e9hicules, les navires et les machines. Ils purifient l&rsquo;huile de la suie, des particules m\u00e9talliques et de la poussi\u00e8re. Le filtre \u00e0 huile devient satur\u00e9 apr\u00e8s un certain temps et doit alors \u00eatre remplac\u00e9. Les filtres \u00e0 huile sont compos\u00e9s de m\u00e9tal, de papier\/carton, d&rsquo;huile et de plastique\/caoutchouc.<\/p>\n<p><strong>II Norme minimale de traitement<\/strong><br \/>\nLa norme l\u00e9gale europ\u00e9enne minimale pour le traitement des filtres \u00e0 huile est le recyclage des m\u00e9taux et l&rsquo;incin\u00e9ration de l&rsquo;huile et des fractions r\u00e9siduelles. Le recyclage des m\u00e9taux peut \u00e9galement se faire par la r\u00e9cup\u00e9ration de la fraction m\u00e9tallique \u00e0 partir des r\u00e9sidus d&rsquo;une installation dans laquelle la fraction huileuse est utilis\u00e9e comme combustible.<\/p>\n<p>AVISTA OIL veille cependant \u00e0 ce que les filtres \u00e0 huile ne soient pas incin\u00e9r\u00e9s mais recycl\u00e9s. Lors de la collecte des filtres \u00e0 huile par AVISTA OIL, vous savez donc avec certitude que vos d\u00e9chets deviendront la base d&rsquo;un nouveau produit.<\/p>\n<p><strong>Codes Eural \u00e9ligibles (aper\u00e7u indicatif) :<\/strong><\/p>\n<p>150202<\/p>\n<p>160107<\/p>\n<p class=\"p1\">Vous souhaitez plus amples d&rsquo;informations ? Vous avez des questions sur la collecte des filtres \u00e0 huile ? Nous nous ferons un plaisir de vous aider. Contactez-nous via la page de contact, par t\u00e9l\u00e9phone ou par chat.<\/p>\n<\/div>","protected":false},"excerpt":{"rendered":"<p>La collecte des filtres \u00e0 huile Les filtres \u00e0 huile sont principalement utilis\u00e9s dans les voitures, les tracteurs, les bateaux ou les machines (agricoles). Ils sont destin\u00e9s \u00e0 emp\u00eacher l&rsquo;entr\u00e9e de la poussi\u00e8re et de la salet\u00e9 qui peuvent se retrouver dans l&rsquo;huile des moteurs \u00e0 combustion. Les filtres \u00e0 huile doivent donc \u00eatre remplac\u00e9s [&hellip;]<\/p>\n","protected":false},"author":2,"featured_media":0,"parent":0,"menu_order":0,"comment_status":"closed","ping_status":"closed","template":"","meta":{"_acf_changed":false,"footnotes":""},"categories":[484],"tags":[],"yst_prominent_words":[],"class_list":["post-831","page","type-page","status-publish","hentry","category-diensten-fr"],"acf":[],"_links":{"self":[{"href":"https:\/\/avista-oil.be\/fr\/wp-json\/wp\/v2\/pages\/831","targetHints":{"allow":["GET"]}}],"collection":[{"href":"https:\/\/avista-oil.be\/fr\/wp-json\/wp\/v2\/pages"}],"about":[{"href":"https:\/\/avista-oil.be\/fr\/wp-json\/wp\/v2\/types\/page"}],"author":[{"embeddable":true,"href":"https:\/\/avista-oil.be\/fr\/wp-json\/wp\/v2\/users\/2"}],"replies":[{"embeddable":true,"href":"https:\/\/avista-oil.be\/fr\/wp-json\/wp\/v2\/comments?post=831"}],"version-history":[{"count":0,"href":"https:\/\/avista-oil.be\/fr\/wp-json\/wp\/v2\/pages\/831\/revisions"}],"wp:attachment":[{"href":"https:\/\/avista-oil.be\/fr\/wp-json\/wp\/v2\/media?parent=831"}],"wp:term":[{"taxonomy":"category","embeddable":true,"href":"https:\/\/avista-oil.be\/fr\/wp-json\/wp\/v2\/categories?post=831"},{"taxonomy":"post_tag","embeddable":true,"href":"https:\/\/avista-oil.be\/fr\/wp-json\/wp\/v2\/tags?post=831"},{"taxonomy":"yst_prominent_words","embeddable":true,"href":"https:\/\/avista-oil.be\/fr\/wp-json\/wp\/v2\/yst_prominent_words?post=831"}],"curies":[{"name":"wp","href":"https:\/\/api.w.org\/{rel}","templated":true}]}}