{"id":813,"date":"2017-05-01T17:25:00","date_gmt":"2017-05-01T15:25:00","guid":{"rendered":"https:\/\/avista.sedna.software\/olie\/boorolie-afvoeren\/"},"modified":"2023-05-25T10:19:50","modified_gmt":"2023-05-25T08:19:50","slug":"huile-de-forage","status":"publish","type":"page","link":"https:\/\/avista-oil.be\/fr\/huile\/huile-de-forage\/","title":{"rendered":"Huile de forage"},"content":{"rendered":"<div id=\"modal-ready\"><p class=\"p1\">\u00c9vacuation des huiles de forage, de coupe, de meulage et de laminage (huile de bore)<\/p>\n<p class=\"p1\">Les huiles de forage, de coupe, de meulage et de laminage (\u00e9galement appel\u00e9es huiles de forage) sont des liquides huileux utilis\u00e9s dans le traitement des m\u00e9taux et des plastiques.<span class=\"Apple-converted-space\">&nbsp;<\/span><\/p>\n<p class=\"p1\">L&rsquo;huile de forage, de coupe, de meulage et de laminage se compose d&rsquo;huile, d&rsquo;eau et\/ou d&rsquo;\u00e9mulsions et de la fraction huileuse obtenue lors du traitement de l&rsquo;huile de forage, de coupe, de meulage et de laminage. Si l&rsquo;huile de forage, de coupe, de meulage et de laminage contient des particules de m\u00e9tal et de plastique, elle doit \u00eatre \u00e9pur\u00e9e pourque nous puissions la collecter.Huile de forage dans l&rsquo;usinage des m\u00e9taux<\/p>\n<p><img loading=\"lazy\" decoding=\"async\" class=\"aligncenter wp-image-732 size-full\" src=\"https:\/\/avista-oil.be\/wp-content\/uploads\/2020\/09\/AVISTA-OIL-Boorolie-voorbeeld.jpg\" alt=\"AVISTA OIL Boorolie voorbeeld\" width=\"500\" height=\"333\" srcset=\"https:\/\/avista-oil.be\/wp-content\/uploads\/2020\/09\/AVISTA-OIL-Boorolie-voorbeeld.jpg 500w, https:\/\/avista-oil.be\/wp-content\/uploads\/2020\/09\/AVISTA-OIL-Boorolie-voorbeeld-300x200.jpg 300w\" sizes=\"auto, (max-width: 500px) 100vw, 500px\" \/><\/p>\n<p class=\"p1\">La nettoyage des machines<\/p>\n<p class=\"p2\">AVISTA Belgium ne se contente pas de collecter les huiles de forage, nous pouvons \u00e9galement nous charger du nettoyage des machines et des conteneurs utilis\u00e9s. Nous disposons pour cela de nos camions aspirateurs, qui peuvent \u00e9galement aspirer sans effort toutes sortes de r\u00e9sidus. Nous employons les m\u00eames camions aspirateurs pour la collecte des huiles, de l&rsquo;eau et des boues.<\/p>\n<p class=\"p3\">D\u00e9marcation<\/p>\n<p class=\"p2\">Les huiles de forage, de coupe, de meulage et de laminage sont des liquides huileux utilis\u00e9s dans le traitement des m\u00e9taux et des plastiques. Si n\u00e9cessaire, ils doivent \u00eatre nettoy\u00e9s des contaminants m\u00e9talliques et\/ou plastiques. Les huiles de forage, de coupe, de meulage et de laminage se composent d&rsquo;huile, d&rsquo;eau et\/ou d&rsquo;\u00e9mulsions. La fraction huileuse obtenue lors du traitement des huiles de forage, de coupe, de meulage et de laminage appartient \u00e9galement \u00e0 ce groupe.<\/p>\n<p class=\"p3\">Norme minimale de transformation<\/p>\n<p class=\"p4\">Lors du traitement des huiles de forage, de coupe, de meulage et de laminage, la norme minimale est la s\u00e9paration des fractions huile et eau. La fraction d&rsquo;huile obtenue doit \u00eatre trait\u00e9e au moins pour une \u00ab\u00a0autre utilisation utile\u00a0\u00bb (par exemple, utilisation principale comme combustible ou comme agent r\u00e9ducteur dans les hauts fourneaux). L&rsquo;utilisation principale comme combustible n&rsquo;est autoris\u00e9e que dans les installations o\u00f9 la r\u00e9duction des \u00e9missions est r\u00e9gul\u00e9e par des r\u00e8glements sp\u00e9cifiques et\/ou des permis bas\u00e9s sur ces r\u00e8glements. La transformation des huiles de forage, de coupe, de meulage et de laminage en carburants pour les moteurs de v\u00e9hicules et de bateaux n&rsquo;est donc pas autoris\u00e9e. Si n\u00e9cessaire, les licences des transformateurs d&rsquo;huiles de forage, de coupe, de meulage et de laminage comprendront donc des r\u00e8gles de contr\u00f4le. De cette mani\u00e8re, la valorisation comme carburant pour les moteurs de v\u00e9hicules et de bateaux ou d&rsquo;autres applications ou utilisations mobiles en dehors des \u00e9tablissements est \u00e9vit\u00e9e.<\/p>\n<p class=\"p4\">Comme alternative \u00e0 la s\u00e9paration des fractions huile et eau, l&rsquo;\u00e9mulsion peut \u00e9galement \u00eatre utilis\u00e9e comme agent r\u00e9ducteur dans les hauts fourneaux. Dans tous les cas, la norme minimale pour la fraction d&rsquo;eau r\u00e9sultant du traitement des huiles de forage, de coupe, de meulage et de laminage est le rejet apr\u00e8s \u00e9puration.<\/p>\n<p class=\"p4\">Liste indicatve des Euralcodes qui peuvent \u00eatre consid\u00e9r\u00e9s :<\/p>\n<p class=\"p4\">120106 ; 120107 ; 120108 ; 120109 ; 120110 ; 120118 ; 120119 ; 130104 ; 130105<\/p>\n<p class=\"p4\">Vous souhaitez plus amples d&rsquo;informations ? Vous avez des questions sur les huiles usag\u00e9es ? Nos sp\u00e9cialistes du p\u00e9trole se feront un plaisir de vous aider. Contactez-nous via la page de contact, par t\u00e9l\u00e9phone.<\/p>\n<\/div>","protected":false},"excerpt":{"rendered":"<p>\u00c9vacuation des huiles de forage, de coupe, de meulage et de laminage (huile de bore) Les huiles de forage, de coupe, de meulage et de laminage (\u00e9galement appel\u00e9es huiles de forage) sont des liquides huileux utilis\u00e9s dans le traitement des m\u00e9taux et des plastiques.&nbsp; L&rsquo;huile de forage, de coupe, de meulage et de laminage se [&hellip;]<\/p>\n","protected":false},"author":2,"featured_media":0,"parent":806,"menu_order":0,"comment_status":"closed","ping_status":"closed","template":"","meta":{"_acf_changed":false,"footnotes":""},"categories":[484],"tags":[],"yst_prominent_words":[],"class_list":["post-813","page","type-page","status-publish","hentry","category-diensten-fr"],"acf":[],"_links":{"self":[{"href":"https:\/\/avista-oil.be\/fr\/wp-json\/wp\/v2\/pages\/813","targetHints":{"allow":["GET"]}}],"collection":[{"href":"https:\/\/avista-oil.be\/fr\/wp-json\/wp\/v2\/pages"}],"about":[{"href":"https:\/\/avista-oil.be\/fr\/wp-json\/wp\/v2\/types\/page"}],"author":[{"embeddable":true,"href":"https:\/\/avista-oil.be\/fr\/wp-json\/wp\/v2\/users\/2"}],"replies":[{"embeddable":true,"href":"https:\/\/avista-oil.be\/fr\/wp-json\/wp\/v2\/comments?post=813"}],"version-history":[{"count":0,"href":"https:\/\/avista-oil.be\/fr\/wp-json\/wp\/v2\/pages\/813\/revisions"}],"up":[{"embeddable":true,"href":"https:\/\/avista-oil.be\/fr\/wp-json\/wp\/v2\/pages\/806"}],"wp:attachment":[{"href":"https:\/\/avista-oil.be\/fr\/wp-json\/wp\/v2\/media?parent=813"}],"wp:term":[{"taxonomy":"category","embeddable":true,"href":"https:\/\/avista-oil.be\/fr\/wp-json\/wp\/v2\/categories?post=813"},{"taxonomy":"post_tag","embeddable":true,"href":"https:\/\/avista-oil.be\/fr\/wp-json\/wp\/v2\/tags?post=813"},{"taxonomy":"yst_prominent_words","embeddable":true,"href":"https:\/\/avista-oil.be\/fr\/wp-json\/wp\/v2\/yst_prominent_words?post=813"}],"curies":[{"name":"wp","href":"https:\/\/api.w.org\/{rel}","templated":true}]}}