{"id":809,"date":"2017-05-01T17:23:00","date_gmt":"2017-05-01T15:23:00","guid":{"rendered":"https:\/\/avista.sedna.software\/olie\/afgewerkte-olie-of-afvalolie-afvoeren\/"},"modified":"2023-05-25T10:06:38","modified_gmt":"2023-05-25T08:06:38","slug":"huile-usagee","status":"publish","type":"page","link":"https:\/\/avista-oil.be\/fr\/huile\/huile-usagee\/","title":{"rendered":"Huile usag\u00e9e"},"content":{"rendered":"<div id=\"modal-ready\"><h2 class=\"p1\">\u00c9vacuation des huiles usag\u00e9es ou r\u00e9siduelles<\/h2>\n<p class=\"p1\">Depuis 40 ans, AVISTA OIL est sp\u00e9cialis\u00e9e dans la collecte \u00e9cologique et le traitement durable des huiles usag\u00e9es. L&rsquo;huile usag\u00e9e (ou huile de rebut) est l&rsquo;huile us\u00e9e provenant d&rsquo;un large \u00e9ventail de machines et de v\u00e9hicules tels que les voitures, les moulins \u00e0 vent, les v\u00e9hicules agricoles et les avions.<span class=\"Apple-converted-space\">&nbsp; <\/span>Les huiles usag\u00e9es peuvent \u00e9galement \u00eatre de l\u2019huile de transformateur us\u00e9e.<\/p>\n<h3 class=\"p1\">Votre huile usag\u00e9e vaut de l&rsquo;argent<\/h3>\n<p class=\"p2\">Selon la situation du march\u00e9, vous recevrez de nous la r\u00e9mun\u00e9ration la plus \u00e9lev\u00e9e du march\u00e9 ou vous paierez un prix \u00e9quitable pour l&rsquo;huile collect\u00e9e. Avista Belgium se charge ensuite du recyclage de vos huiles usag\u00e9es de mani\u00e8re durable.<\/p>\n<div id=\"attachment_720\" style=\"width: 760px\" class=\"wp-caption aligncenter\"><img loading=\"lazy\" decoding=\"async\" aria-describedby=\"caption-attachment-720\" class=\"size-full wp-image-720\" src=\"https:\/\/avista-oil.be\/wp-content\/uploads\/2020\/09\/AVISTA-OIL-Used-to-New-Oil.jpg\" alt=\"Used to New AVISTA OIL\" width=\"750\" height=\"578\" srcset=\"https:\/\/avista-oil.be\/wp-content\/uploads\/2020\/09\/AVISTA-OIL-Used-to-New-Oil.jpg 750w, https:\/\/avista-oil.be\/wp-content\/uploads\/2020\/09\/AVISTA-OIL-Used-to-New-Oil-300x231.jpg 300w\" sizes=\"auto, (max-width: 750px) 100vw, 750px\" \/><p id=\"caption-attachment-720\" class=\"wp-caption-text\">AVISTA OIL &#8211; L&rsquo;huile us\u00e9e obtient une nouvelle vie durable et devient une nouvelle huile<\/p><\/div>\n<h3 class=\"p1\">AVISTA OIL: Plus que de l&rsquo;huile usag\u00e9e !<\/h3>\n<p class=\"p2\">AVISTA OIL<\/p>\n<p class=\"p1\">est sp\u00e9cialis\u00e9e dans la collecte des huiles usag\u00e9es depuis plus de 40 ans et est \u00e9galement leader du march\u00e9 dans ce domaine. Cependant, nous collectons \u00e9galement d&rsquo;autres d\u00e9chets contenant de l&rsquo;huile, par exemple : les r\u00e9sidus de carburant, le liquide de refroidissement, le liquide de frein et les filtres \u00e0 huile. Nous disposons \u00e9galement de camions aspirateurs modernes dans notre flotte pour vider et nettoyer les fosses \u00e0 huile\/eau\/boue.<\/p>\n<h3 class=\"p1\">Recyclage des huiles usag\u00e9es et des d\u00e9chets pollu\u00e9s par de l&rsquo;huile<\/h3>\n<p class=\"p2\">Toutes les huiles usag\u00e9es collect\u00e9es sont destin\u00e9es au recyclage. Il est stock\u00e9 temporairement dans des r\u00e9servoirs \u00e0 notre d\u00e9p\u00f4t en attendant le transport par bateau vers la raffinerie AVISTA OIL en Allemagne o\u00f9 le traitement final et le recyclage auront lieu.<\/p>\n<div id=\"attachment_733\" style=\"width: 740px\" class=\"wp-caption aligncenter\"><img loading=\"lazy\" decoding=\"async\" aria-describedby=\"caption-attachment-733\" class=\"wp-image-733 size-full\" src=\"https:\/\/avista-oil.be\/wp-content\/uploads\/2020\/09\/AVISTA-OIL-Elst-afgewerkte-olie.jpg\" alt=\"AVISTA OIL Elst - afgewerkte olie\" width=\"730\" height=\"407\" srcset=\"https:\/\/avista-oil.be\/wp-content\/uploads\/2020\/09\/AVISTA-OIL-Elst-afgewerkte-olie.jpg 730w, https:\/\/avista-oil.be\/wp-content\/uploads\/2020\/09\/AVISTA-OIL-Elst-afgewerkte-olie-300x167.jpg 300w\" sizes=\"auto, (max-width: 730px) 100vw, 730px\" \/><p id=\"caption-attachment-733\" class=\"wp-caption-text\"><strong>AVISTA OIL Allemagne<\/strong><\/p><\/div>\n<p class=\"p1\">La norme minimale pour le traitement est que l&rsquo;huile usag\u00e9e collect\u00e9e puisse \u00eatre r\u00e9g\u00e9n\u00e9r\u00e9e en huile de base. Pour plus d&rsquo;informations, veuillez consulter le site web de Valorlub (https:\/\/valorlub.be), l\u2019organisme de gestion des huiles usag\u00e9es en Belgique.<\/p>\n<p class=\"p1\">Ces codes Eural sont qualifi\u00e9s (aper\u00e7u indicatif) :<\/p>\n<p class=\"p1\">120110 ; 130109 ; 130110 ; 130111 ; 130112 ; 130113 ; 130204 ; 130205 ; 130206 ; 130207 ; 130208 ; 130306 ; 130307 ; 130308 ; 130309 ; 130310 ; 200126<\/p>\n<p class=\"p1\">Nos conditions d&rsquo;acceptation peuvent \u00eatre consult\u00e9es <a href=\"https:\/\/avista-oil.be\/fr\/algemene-voorwaarden\/\">ici<\/a><\/p>\n<p class=\"p1\">Vous souhaitez plus ample d&rsquo;informations ? Avez-vous des questions sur les huiles usag\u00e9es ? Nos sp\u00e9cialistes se feront un plaisir de vous aider. Contactez-nous via la page de contact, par t\u00e9l\u00e9phone.<\/p>\n<\/div>","protected":false},"excerpt":{"rendered":"<p>\u00c9vacuation des huiles usag\u00e9es ou r\u00e9siduelles Depuis 40 ans, AVISTA OIL est sp\u00e9cialis\u00e9e dans la collecte \u00e9cologique et le traitement durable des huiles usag\u00e9es. L&rsquo;huile usag\u00e9e (ou huile de rebut) est l&rsquo;huile us\u00e9e provenant d&rsquo;un large \u00e9ventail de machines et de v\u00e9hicules tels que les voitures, les moulins \u00e0 vent, les v\u00e9hicules agricoles et les [&hellip;]<\/p>\n","protected":false},"author":2,"featured_media":0,"parent":806,"menu_order":0,"comment_status":"closed","ping_status":"closed","template":"","meta":{"_acf_changed":false,"footnotes":""},"categories":[484],"tags":[],"yst_prominent_words":[],"class_list":["post-809","page","type-page","status-publish","hentry","category-diensten-fr"],"acf":[],"_links":{"self":[{"href":"https:\/\/avista-oil.be\/fr\/wp-json\/wp\/v2\/pages\/809","targetHints":{"allow":["GET"]}}],"collection":[{"href":"https:\/\/avista-oil.be\/fr\/wp-json\/wp\/v2\/pages"}],"about":[{"href":"https:\/\/avista-oil.be\/fr\/wp-json\/wp\/v2\/types\/page"}],"author":[{"embeddable":true,"href":"https:\/\/avista-oil.be\/fr\/wp-json\/wp\/v2\/users\/2"}],"replies":[{"embeddable":true,"href":"https:\/\/avista-oil.be\/fr\/wp-json\/wp\/v2\/comments?post=809"}],"version-history":[{"count":0,"href":"https:\/\/avista-oil.be\/fr\/wp-json\/wp\/v2\/pages\/809\/revisions"}],"up":[{"embeddable":true,"href":"https:\/\/avista-oil.be\/fr\/wp-json\/wp\/v2\/pages\/806"}],"wp:attachment":[{"href":"https:\/\/avista-oil.be\/fr\/wp-json\/wp\/v2\/media?parent=809"}],"wp:term":[{"taxonomy":"category","embeddable":true,"href":"https:\/\/avista-oil.be\/fr\/wp-json\/wp\/v2\/categories?post=809"},{"taxonomy":"post_tag","embeddable":true,"href":"https:\/\/avista-oil.be\/fr\/wp-json\/wp\/v2\/tags?post=809"},{"taxonomy":"yst_prominent_words","embeddable":true,"href":"https:\/\/avista-oil.be\/fr\/wp-json\/wp\/v2\/yst_prominent_words?post=809"}],"curies":[{"name":"wp","href":"https:\/\/api.w.org\/{rel}","templated":true}]}}