{"id":765,"date":"2017-05-04T10:45:30","date_gmt":"2017-05-04T08:45:30","guid":{"rendered":"https:\/\/avista.sedna.software\/contact\/"},"modified":"2023-05-25T10:36:03","modified_gmt":"2023-05-25T08:36:03","slug":"nous-contacter","status":"publish","type":"page","link":"https:\/\/avista-oil.be\/fr\/nous-contacter\/","title":{"rendered":"Nous contacter"},"content":{"rendered":"<div id=\"modal-ready\"><p class=\"p1\">Souhaitez-vous obtenir plus amples d&rsquo;informations sur AVISTA OIL ? Vous avez une question sur notre offre ?<span class=\"Apple-converted-space\">&nbsp;<\/span><\/p>\n<p class=\"p1\">Notre personnel se fera un plaisir de vous aider !<span class=\"Apple-converted-space\">&nbsp;<\/span><\/p>\n<p>Contactez-nous via les coordonn\u00e9es ci-dessous ou remplissez notre formulaire de contact.<br \/>\nSouhaitez-vous \u00eatre rappel\u00e9 quand cela vous convient ? C&rsquo;est possible.<\/p>\n<p><img loading=\"lazy\" decoding=\"async\" class=\"aligncenter size-full wp-image-733\" src=\"https:\/\/avista-oil.be\/wp-content\/uploads\/2020\/09\/AVISTA-OIL-Elst-afgewerkte-olie.jpg\" alt=\"AVISTA OIL Elst - afgewerkte olie\" width=\"730\" height=\"407\" srcset=\"https:\/\/avista-oil.be\/wp-content\/uploads\/2020\/09\/AVISTA-OIL-Elst-afgewerkte-olie.jpg 730w, https:\/\/avista-oil.be\/wp-content\/uploads\/2020\/09\/AVISTA-OIL-Elst-afgewerkte-olie-300x167.jpg 300w\" sizes=\"auto, (max-width: 730px) 100vw, 730px\" \/><\/p>\n<\/div>","protected":false},"excerpt":{"rendered":"<p>Souhaitez-vous obtenir plus amples d&rsquo;informations sur AVISTA OIL ? Vous avez une question sur notre offre ?&nbsp; Notre personnel se fera un plaisir de vous aider !&nbsp; Contactez-nous via les coordonn\u00e9es ci-dessous ou remplissez notre formulaire de contact. Souhaitez-vous \u00eatre rappel\u00e9 quand cela vous convient ? C&rsquo;est possible.<\/p>\n","protected":false},"author":2,"featured_media":0,"parent":0,"menu_order":0,"comment_status":"closed","ping_status":"closed","template":"page-contact.php","meta":{"_acf_changed":false,"footnotes":""},"categories":[479],"tags":[],"yst_prominent_words":[],"class_list":["post-765","page","type-page","status-publish","hentry","category-service-fr"],"acf":[],"_links":{"self":[{"href":"https:\/\/avista-oil.be\/fr\/wp-json\/wp\/v2\/pages\/765","targetHints":{"allow":["GET"]}}],"collection":[{"href":"https:\/\/avista-oil.be\/fr\/wp-json\/wp\/v2\/pages"}],"about":[{"href":"https:\/\/avista-oil.be\/fr\/wp-json\/wp\/v2\/types\/page"}],"author":[{"embeddable":true,"href":"https:\/\/avista-oil.be\/fr\/wp-json\/wp\/v2\/users\/2"}],"replies":[{"embeddable":true,"href":"https:\/\/avista-oil.be\/fr\/wp-json\/wp\/v2\/comments?post=765"}],"version-history":[{"count":0,"href":"https:\/\/avista-oil.be\/fr\/wp-json\/wp\/v2\/pages\/765\/revisions"}],"wp:attachment":[{"href":"https:\/\/avista-oil.be\/fr\/wp-json\/wp\/v2\/media?parent=765"}],"wp:term":[{"taxonomy":"category","embeddable":true,"href":"https:\/\/avista-oil.be\/fr\/wp-json\/wp\/v2\/categories?post=765"},{"taxonomy":"post_tag","embeddable":true,"href":"https:\/\/avista-oil.be\/fr\/wp-json\/wp\/v2\/tags?post=765"},{"taxonomy":"yst_prominent_words","embeddable":true,"href":"https:\/\/avista-oil.be\/fr\/wp-json\/wp\/v2\/yst_prominent_words?post=765"}],"curies":[{"name":"wp","href":"https:\/\/api.w.org\/{rel}","templated":true}]}}