{"id":760,"date":"2017-05-04T10:46:13","date_gmt":"2017-05-04T08:46:13","guid":{"rendered":"https:\/\/avista.sedna.software\/over-avista-oil-nederland\/"},"modified":"2023-05-25T10:07:45","modified_gmt":"2023-05-25T08:07:45","slug":"a-propos-davista-oil","status":"publish","type":"page","link":"https:\/\/avista-oil.be\/fr\/a-propos-davista-oil\/","title":{"rendered":"\u00c0 propos d&rsquo;AVISTA OIL"},"content":{"rendered":"<div id=\"modal-ready\"><p class=\"bodytext\">AVISTA OIL est non seulement sp\u00e9cialis\u00e9e dans la collecte et le traitement de d\u00e9chets d&rsquo;huiles min\u00e9rales, mais avec notre vaste parc automobile, nous vous offrons un service rapide et qualitatif en mati\u00e8re d&rsquo;huiles us\u00e9es. &nbsp;<\/p>\n<p class=\"bodytext\">L&rsquo;entreprise a \u00e9t\u00e9 fond\u00e9e en 1982 sous le nom de Recup-Oil. Suite \u00e0 notre expansion continue en Belgique, nous sommes devenus le plus grand et plus important collecteur d&rsquo;huiles us\u00e9es du pays. En 2006, AVISTA OIL AG a achet\u00e9 les actions de Recup-Oil et depuis lors, l&rsquo;entreprise a pu acqu\u00e9rir d&rsquo;autres parts de march\u00e9. La fusion avec le Groupe AVISTA OIL s&rsquo;est accompagn\u00e9e d&rsquo;une am\u00e9lioration consid\u00e9rable de la qualit\u00e9 de la collecte et de la garantie d&rsquo;un traitement durable des huiles us\u00e9es. En 2017, l&rsquo;entreprise a \u00e9t\u00e9 rebaptis\u00e9e AVISTA OIL NV.&nbsp;<\/p>\n<p class=\"bodytext\">Nos techniques de traitement des d\u00e9chets et nos v\u00e9hicules de collecte satisfont aux normes environnementales et techniques les plus \u00e9lev\u00e9es. Nous offrons \u00e9galement d&rsquo;autres services, notamment dans le domaine de la suppression de d\u00e9chets dangereux&nbsp;: En plus des huiles us\u00e9es, \u00e9mulsions, m\u00e9langes eau-huile, filtres \u00e0 air, fluides de fonctionnement pollu\u00e9s par de l&rsquo;huile, nous disposons aussi de liquides de frein, de liquides de refroidissement et de batteries.&nbsp;<\/p>\n<p class=\"bodytext\">Nous sommes \u00e9galement \u00e0 vos c\u00f4t\u00e9s avec des solutions sur mesure. Nous vous conseillons pour toutes vos questions sur les d\u00e9chets. Nous d\u00e9veloppons des concept d&rsquo;enl\u00e8vement des d\u00e9chets int\u00e9gr\u00e9s individuels pour le commerce automobile, les stations-services et les entreprises commerciales.&nbsp;<\/p>\n<p class=\"bodytext\">Nous garantissons \u00e0 nos clients le respect de toutes les prescriptions l\u00e9gales et la responsabilit\u00e9 de l&rsquo;environnement, et nous faisons transformer les huiles us\u00e9es en huiles de base de haute qualit\u00e9 dans la propre raffinerie d&rsquo;AVISTA OIL Germany.&nbsp;<\/p>\n\n\n<figure class=\"wp-block-video\"><video controls src=\"https:\/\/avista-oil.be\/wp-content\/uploads\/2020\/11\/AVISTA_OIL_Image_Video.mp4\"><\/video><\/figure>\n\n\n\n<h2 class=\"mato-5 wp-block-heading\">Organisations s\u0153urs<\/h2>\n\n\n\n<div class=\"wp-block-columns is-layout-flex wp-container-core-columns-is-layout-1 wp-block-columns-is-layout-flex\">\n<div class=\"wp-block-column is-layout-flow wp-block-column-is-layout-flow\">\n<figure class=\"wp-block-image size-full\"><a href=\"http:\/\/universalenvironmentalservices.com\" target=\"_blank\" rel=\"noopener\"><img loading=\"lazy\" decoding=\"async\" width=\"300\" height=\"200\" src=\"https:\/\/avista-oil.be\/wp-content\/uploads\/2023\/05\/unnamed.jpg\" alt=\"\" class=\"wp-image-1005\"\/><\/a><figcaption><a href=\"http:\/\/universalenvironmentalservices.com\" data-type=\"URL\" data-id=\"universalenvironmentalservices.com\" target=\"_blank\" rel=\"noreferrer noopener\">AVISTA OIL RAFFINADERIJ USA<\/a><\/figcaption><\/figure>\n<\/div>\n\n\n\n<div class=\"wp-block-column is-layout-flow wp-block-column-is-layout-flow\">\n<figure class=\"wp-block-image size-full\"><a href=\"http:\/\/avistagreen.dk\" target=\"_blank\" rel=\"noopener\"><img loading=\"lazy\" decoding=\"async\" width=\"298\" height=\"198\" src=\"https:\/\/avista-oil.be\/wp-content\/uploads\/2023\/05\/unnamed-1.jpg\" alt=\"\" class=\"wp-image-1008\"\/><\/a><figcaption><a href=\"http:\/\/avistagreen.dk\" data-type=\"URL\" data-id=\"avistagreen.dk\" target=\"_blank\" rel=\"noreferrer noopener\">AVISTA OIL RAFFINADERIJ DENEMARKEN<\/a><\/figcaption><\/figure>\n<\/div>\n\n\n\n<div class=\"wp-block-column is-layout-flow wp-block-column-is-layout-flow\">\n<figure class=\"wp-block-image size-full\"><a href=\"http:\/\/avista-oil.de\" target=\"_blank\" rel=\"noopener\"><img loading=\"lazy\" decoding=\"async\" width=\"600\" height=\"399\" src=\"https:\/\/avista-oil.be\/wp-content\/uploads\/2023\/05\/unnamed-2.jpg\" alt=\"\" class=\"wp-image-1011\" srcset=\"https:\/\/avista-oil.be\/wp-content\/uploads\/2023\/05\/unnamed-2.jpg 600w, https:\/\/avista-oil.be\/wp-content\/uploads\/2023\/05\/unnamed-2-300x200.jpg 300w\" sizes=\"auto, (max-width: 600px) 100vw, 600px\" \/><\/a><figcaption><a href=\"http:\/\/avista-oil.de\" data-type=\"URL\" data-id=\"avista-oil.de\" target=\"_blank\" rel=\"noreferrer noopener\">AVISTA OIL RAFFINADERIJ DUITSLAND<\/a><\/figcaption><\/figure>\n<\/div>\n<\/div>\n\n\n\n<div class=\"wp-block-columns is-layout-flex wp-container-core-columns-is-layout-2 wp-block-columns-is-layout-flex\">\n<div class=\"wp-block-column is-layout-flow wp-block-column-is-layout-flow\">\n<figure class=\"wp-block-image size-full\"><a href=\"https:\/\/wubben.nl\" target=\"_blank\" rel=\"noopener\"><img loading=\"lazy\" decoding=\"async\" width=\"296\" height=\"332\" src=\"https:\/\/avista-oil.be\/wp-content\/uploads\/2023\/05\/unnamed-4.jpg\" alt=\"\" class=\"wp-image-1027\" srcset=\"https:\/\/avista-oil.be\/wp-content\/uploads\/2023\/05\/unnamed-4.jpg 296w, https:\/\/avista-oil.be\/wp-content\/uploads\/2023\/05\/unnamed-4-267x300.jpg 267w\" sizes=\"auto, (max-width: 296px) 100vw, 296px\" \/><\/a><figcaption><a href=\"https:\/\/wubben.nl\/\" data-type=\"URL\" data-id=\"https:\/\/wubben.nl\/\" target=\"_blank\" rel=\"noreferrer noopener\">Wubben<\/a><\/figcaption><\/figure>\n<\/div>\n\n\n\n<div class=\"wp-block-column is-layout-flow wp-block-column-is-layout-flow\">\n<figure class=\"wp-block-image size-full\"><a href=\"https:\/\/avista-oil.nl\/\" target=\"_blank\" rel=\"noopener\"><img loading=\"lazy\" decoding=\"async\" width=\"350\" height=\"298\" src=\"https:\/\/avista-oil.be\/wp-content\/uploads\/2023\/05\/unnamed-5.jpg\" alt=\"\" class=\"wp-image-1024\" srcset=\"https:\/\/avista-oil.be\/wp-content\/uploads\/2023\/05\/unnamed-5.jpg 350w, https:\/\/avista-oil.be\/wp-content\/uploads\/2023\/05\/unnamed-5-300x255.jpg 300w\" sizes=\"auto, (max-width: 350px) 100vw, 350px\" \/><\/a><figcaption><a href=\"https:\/\/avista-oil.nl\/\" data-type=\"URL\" data-id=\"https:\/\/avista-oil.nl\/\" target=\"_blank\" rel=\"noreferrer noopener\">AVISTA OIL NEDERLAND<\/a><\/figcaption><\/figure>\n<\/div>\n\n\n\n<div class=\"wp-block-column is-layout-flow wp-block-column-is-layout-flow\">\n<figure class=\"wp-block-image size-full\"><a href=\"https:\/\/www.avista-oil.rs\/\" target=\"_blank\" rel=\"noopener\"><img loading=\"lazy\" decoding=\"async\" width=\"350\" height=\"298\" src=\"https:\/\/avista-oil.be\/wp-content\/uploads\/2023\/05\/unnamed-6.jpg\" alt=\"\" class=\"wp-image-1021\" srcset=\"https:\/\/avista-oil.be\/wp-content\/uploads\/2023\/05\/unnamed-6.jpg 350w, https:\/\/avista-oil.be\/wp-content\/uploads\/2023\/05\/unnamed-6-300x255.jpg 300w\" sizes=\"auto, (max-width: 350px) 100vw, 350px\" \/><\/a><figcaption><a href=\"https:\/\/www.avista-oil.rs\/\" data-type=\"URL\" data-id=\"https:\/\/www.avista-oil.rs\/\" target=\"_blank\" rel=\"noreferrer noopener\">AVISTA OIL SERBIA<\/a><\/figcaption><\/figure>\n<\/div>\n<\/div>\n\n\n\n<div class=\"wp-block-columns is-layout-flex wp-container-core-columns-is-layout-3 wp-block-columns-is-layout-flex\">\n<div class=\"wp-block-column is-layout-flow wp-block-column-is-layout-flow\">\n<figure class=\"wp-block-image size-full\"><a href=\"https:\/\/www.avista-oil.de\/\" target=\"_blank\" rel=\"noopener\"><img loading=\"lazy\" decoding=\"async\" width=\"350\" height=\"298\" src=\"https:\/\/avista-oil.be\/wp-content\/uploads\/2023\/05\/unnamed-3.jpg\" alt=\"\" class=\"wp-image-1014\" srcset=\"https:\/\/avista-oil.be\/wp-content\/uploads\/2023\/05\/unnamed-3.jpg 350w, https:\/\/avista-oil.be\/wp-content\/uploads\/2023\/05\/unnamed-3-300x255.jpg 300w\" sizes=\"auto, (max-width: 350px) 100vw, 350px\" \/><\/a><figcaption><a rel=\"noreferrer noopener\" href=\"https:\/\/www.avista-oil.de\/\" data-type=\"URL\" data-id=\"https:\/\/www.avista-oil.de\/\" target=\"_blank\"><\/a><a rel=\"noreferrer noopener\" href=\"https:\/\/www.avista-oil.de\/\" data-type=\"URL\" data-id=\"https:\/\/www.avista-oil.de\/\" target=\"_blank\">AVISTA OIL DEUTSCHLAND<\/a><\/figcaption><\/figure>\n<\/div>\n\n\n\n<div class=\"wp-block-column is-layout-flow wp-block-column-is-layout-flow\">\n<figure class=\"wp-block-image size-full\"><a href=\"https:\/\/www.avista-oil.cz\/\" target=\"_blank\" rel=\"noopener\"><img loading=\"lazy\" decoding=\"async\" width=\"350\" height=\"298\" src=\"https:\/\/avista-oil.be\/wp-content\/uploads\/2023\/05\/unnamed-7.jpg\" alt=\"\" class=\"wp-image-1018\" srcset=\"https:\/\/avista-oil.be\/wp-content\/uploads\/2023\/05\/unnamed-7.jpg 350w, https:\/\/avista-oil.be\/wp-content\/uploads\/2023\/05\/unnamed-7-300x255.jpg 300w\" sizes=\"auto, (max-width: 350px) 100vw, 350px\" \/><\/a><figcaption><meta charset=\"utf-8\"><a rel=\"noreferrer noopener\" href=\"https:\/\/www.avista-oil.cz\/\" data-type=\"URL\" data-id=\"https:\/\/www.avista-oil.cz\/\" target=\"_blank\">AVISTA OIL CZECH REPUBLIC<\/a><\/figcaption><\/figure>\n<\/div>\n\n\n\n<div class=\"wp-block-column is-layout-flow wp-block-column-is-layout-flow\"><\/div>\n<\/div>\n<\/div>","protected":false},"excerpt":{"rendered":"<p>AVISTA OIL est non seulement sp\u00e9cialis\u00e9e dans la collecte et le traitement de d\u00e9chets d&rsquo;huiles min\u00e9rales, mais avec notre vaste parc automobile, nous vous offrons un service rapide et qualitatif en mati\u00e8re d&rsquo;huiles us\u00e9es. &nbsp; L&rsquo;entreprise a \u00e9t\u00e9 fond\u00e9e en 1982 sous le nom de Recup-Oil. Suite \u00e0 notre expansion continue en Belgique, nous sommes [&hellip;]<\/p>\n","protected":false},"author":2,"featured_media":0,"parent":0,"menu_order":0,"comment_status":"closed","ping_status":"closed","template":"","meta":{"_acf_changed":false,"footnotes":""},"categories":[479],"tags":[],"yst_prominent_words":[],"class_list":["post-760","page","type-page","status-publish","hentry","category-service-fr"],"acf":[],"_links":{"self":[{"href":"https:\/\/avista-oil.be\/fr\/wp-json\/wp\/v2\/pages\/760","targetHints":{"allow":["GET"]}}],"collection":[{"href":"https:\/\/avista-oil.be\/fr\/wp-json\/wp\/v2\/pages"}],"about":[{"href":"https:\/\/avista-oil.be\/fr\/wp-json\/wp\/v2\/types\/page"}],"author":[{"embeddable":true,"href":"https:\/\/avista-oil.be\/fr\/wp-json\/wp\/v2\/users\/2"}],"replies":[{"embeddable":true,"href":"https:\/\/avista-oil.be\/fr\/wp-json\/wp\/v2\/comments?post=760"}],"version-history":[{"count":0,"href":"https:\/\/avista-oil.be\/fr\/wp-json\/wp\/v2\/pages\/760\/revisions"}],"wp:attachment":[{"href":"https:\/\/avista-oil.be\/fr\/wp-json\/wp\/v2\/media?parent=760"}],"wp:term":[{"taxonomy":"category","embeddable":true,"href":"https:\/\/avista-oil.be\/fr\/wp-json\/wp\/v2\/categories?post=760"},{"taxonomy":"post_tag","embeddable":true,"href":"https:\/\/avista-oil.be\/fr\/wp-json\/wp\/v2\/tags?post=760"},{"taxonomy":"yst_prominent_words","embeddable":true,"href":"https:\/\/avista-oil.be\/fr\/wp-json\/wp\/v2\/yst_prominent_words?post=760"}],"curies":[{"name":"wp","href":"https:\/\/api.w.org\/{rel}","templated":true}]}}