{"id":1124,"date":"2023-12-02T13:44:53","date_gmt":"2023-12-02T12:44:53","guid":{"rendered":"https:\/\/avista-oil.be\/afvoeren-spuitbussen\/"},"modified":"2023-12-04T12:27:12","modified_gmt":"2023-12-04T11:27:12","slug":"elimination-des-aerosols","status":"publish","type":"page","link":"https:\/\/avista-oil.be\/fr\/elimination-des-aerosols\/","title":{"rendered":"bouteilles a\u00e9rosols"},"content":{"rendered":"<div id=\"modal-ready\">\n<p><strong>Collecte durable de bouteilles a\u00e9rosols vides avec AVISTA OIL<\/strong><\/p>\n\n\n\n<p>Chez AVISTA OIL, une entreprise sp\u00e9cialis\u00e9e dans la collecte et <a href=\"https:\/\/avista-oil.be\/fr\/huile\/huile-usagee\/\" data-type=\"page\" data-id=\"809\">le recyclage d&rsquo;huiles usag\u00e9es<\/a>, nous sommes \u00e9galement experts dans la collecte de bouteilles a\u00e9rosols vides. Nous nous concentrons sur la fourniture d&rsquo;une solution \u00e9cologiquement responsable pour les entreprises qui placent la durabilit\u00e9 au c\u0153ur de leurs pr\u00e9occupations.<\/p>\n\n\n\n<p><strong>L&rsquo;Importance d&rsquo;une collecte responsable des bouteilles a\u00e9rosols<\/strong><\/p>\n\n\n\n<p>Les bouteilles a\u00e9rosols vides peuvent contenir des substances nocives et repr\u00e9senter un risque pour l&rsquo;environnement si elles ne sont pas trait\u00e9es correctement. Notre service de collecte sp\u00e9cialis\u00e9 assure que ces bouteilles sont recueillies et trait\u00e9es de mani\u00e8re s\u00fbre et respectueuse de l&rsquo;environnement.<br><strong><br>AVISTA OIL : Votre partenaire pour un traitement \u00e9coresponsable<\/strong><\/p>\n\n\n\n<p>Fort de notre longue exp\u00e9rience dans le traitement des huiles usag\u00e9es, AVISTA OIL comprend la n\u00e9cessit\u00e9 d&rsquo;une gestion durable des d\u00e9chets. Nous appliquons cette connaissance et exp\u00e9rience \u00e0 la collecte des bouteilles a\u00e9rosols vides, en visant le recyclage maximal et un impact minimal sur l&rsquo;environnement.<\/p>\n\n\n\n<p><strong>Notre m\u00e9thode de travail : s\u00e9curis\u00e9e et efficace<\/strong><\/p>\n\n\n\n<p>Notre \u00e9quipe assure une collecte s\u00e9curis\u00e9e de vos bouteilles a\u00e9rosols vides. Nous utilisons les derni\u00e8res technologies et suivons des proc\u00e9dures strictes pour garantir que les bouteilles sont trait\u00e9es correctement, r\u00e9duisant ainsi le risque de dommages environnementaux.<\/p>\n\n\n\n<p><strong>Les avantages pour votre entreprise<\/strong><\/p>\n\n\n\n<p>En collaborant avec AVISTA OIL pour la collecte de vos bouteilles a\u00e9rosols vides et\/ou huiles usag\u00e9es, vous contribuez non seulement \u00e0 un environnement plus propre, mais renforcez \u00e9galement l&rsquo;image de votre entreprise en tant qu&rsquo;organisation consciente de l&rsquo;environnement. De plus, notre service vous aide \u00e0 respecter les r\u00e9glementations et normes environnementales.<\/p>\n\n\n\n<p><strong>Contactez AVISTA OIL<\/strong><\/p>\n\n\n\n<p>\u00cates-vous int\u00e9ress\u00e9 par notre service de collecte de bouteilles a\u00e9rosols vides ? <a href=\"https:\/\/avista-oil.be\/fr\/nous-contacter\/\" data-type=\"page\" data-id=\"765\">Contactez<\/a> AVISTA OIL d\u00e8s aujourd&rsquo;hui pour plus d&rsquo;informations. Ensemble, nous progressons vers un avenir plus vert et durable.<\/p>\n<\/div>","protected":false},"excerpt":{"rendered":"<p>Collecte durable de bouteilles a\u00e9rosols vides avec AVISTA OIL Chez AVISTA OIL, une entreprise sp\u00e9cialis\u00e9e dans la collecte et le recyclage d&rsquo;huiles usag\u00e9es, nous sommes \u00e9galement experts dans la collecte de bouteilles a\u00e9rosols vides. Nous nous concentrons sur la fourniture d&rsquo;une solution \u00e9cologiquement responsable pour les entreprises qui placent la durabilit\u00e9 au c\u0153ur de leurs [&hellip;]<\/p>\n","protected":false},"author":2,"featured_media":0,"parent":0,"menu_order":0,"comment_status":"closed","ping_status":"closed","template":"","meta":{"_acf_changed":false,"footnotes":""},"categories":[],"tags":[],"yst_prominent_words":[],"class_list":["post-1124","page","type-page","status-publish","hentry"],"acf":[],"_links":{"self":[{"href":"https:\/\/avista-oil.be\/fr\/wp-json\/wp\/v2\/pages\/1124","targetHints":{"allow":["GET"]}}],"collection":[{"href":"https:\/\/avista-oil.be\/fr\/wp-json\/wp\/v2\/pages"}],"about":[{"href":"https:\/\/avista-oil.be\/fr\/wp-json\/wp\/v2\/types\/page"}],"author":[{"embeddable":true,"href":"https:\/\/avista-oil.be\/fr\/wp-json\/wp\/v2\/users\/2"}],"replies":[{"embeddable":true,"href":"https:\/\/avista-oil.be\/fr\/wp-json\/wp\/v2\/comments?post=1124"}],"version-history":[{"count":0,"href":"https:\/\/avista-oil.be\/fr\/wp-json\/wp\/v2\/pages\/1124\/revisions"}],"wp:attachment":[{"href":"https:\/\/avista-oil.be\/fr\/wp-json\/wp\/v2\/media?parent=1124"}],"wp:term":[{"taxonomy":"category","embeddable":true,"href":"https:\/\/avista-oil.be\/fr\/wp-json\/wp\/v2\/categories?post=1124"},{"taxonomy":"post_tag","embeddable":true,"href":"https:\/\/avista-oil.be\/fr\/wp-json\/wp\/v2\/tags?post=1124"},{"taxonomy":"yst_prominent_words","embeddable":true,"href":"https:\/\/avista-oil.be\/fr\/wp-json\/wp\/v2\/yst_prominent_words?post=1124"}],"curies":[{"name":"wp","href":"https:\/\/api.w.org\/{rel}","templated":true}]}}