{"id":1090,"date":"2023-05-16T17:23:06","date_gmt":"2023-05-16T15:23:06","guid":{"rendered":"https:\/\/avista.sedna.software\/?page_id=1090"},"modified":"2023-05-25T10:13:08","modified_gmt":"2023-05-25T08:13:08","slug":"dechets-huileux","status":"publish","type":"page","link":"https:\/\/avista-oil.be\/fr\/dechets-huileux\/","title":{"rendered":"D\u00e9chets huileux"},"content":{"rendered":"<div id=\"modal-ready\">\n<p>Pour l&rsquo;entretien des voitures et des machines, vous utilisez \u00e9videmment un tas de chiffons pour tout r\u00e9cup\u00e9rer et garder votre sol propre. AVISTA OIL peut aussi \u00e9vacuer ceci pour vous de mani\u00e8re respectueuse de l&rsquo;environnement et avantageusement.&nbsp;<\/p>\n\n\n\n<ul class=\"wp-block-list\"><li>Chiffons<\/li><li>Granul\u00e9s d&rsquo;absorption<\/li><\/ul>\n\n\n\n<p>Vous avez d&rsquo;autres questions sur les d\u00e9chets huileux&nbsp;? Vous pouvez toujours nous contacter sans engagement.<\/p>\n<\/div>","protected":false},"excerpt":{"rendered":"<p>Pour l&rsquo;entretien des voitures et des machines, vous utilisez \u00e9videmment un tas de chiffons pour tout r\u00e9cup\u00e9rer et garder votre sol propre. AVISTA OIL peut aussi \u00e9vacuer ceci pour vous de mani\u00e8re respectueuse de l&rsquo;environnement et avantageusement.&nbsp; Chiffons Granul\u00e9s d&rsquo;absorption Vous avez d&rsquo;autres questions sur les d\u00e9chets huileux&nbsp;? Vous pouvez toujours nous contacter sans engagement.<\/p>\n","protected":false},"author":2,"featured_media":0,"parent":0,"menu_order":0,"comment_status":"closed","ping_status":"closed","template":"","meta":{"_acf_changed":false,"footnotes":""},"categories":[],"tags":[],"yst_prominent_words":[],"class_list":["post-1090","page","type-page","status-publish","hentry"],"acf":[],"_links":{"self":[{"href":"https:\/\/avista-oil.be\/fr\/wp-json\/wp\/v2\/pages\/1090","targetHints":{"allow":["GET"]}}],"collection":[{"href":"https:\/\/avista-oil.be\/fr\/wp-json\/wp\/v2\/pages"}],"about":[{"href":"https:\/\/avista-oil.be\/fr\/wp-json\/wp\/v2\/types\/page"}],"author":[{"embeddable":true,"href":"https:\/\/avista-oil.be\/fr\/wp-json\/wp\/v2\/users\/2"}],"replies":[{"embeddable":true,"href":"https:\/\/avista-oil.be\/fr\/wp-json\/wp\/v2\/comments?post=1090"}],"version-history":[{"count":0,"href":"https:\/\/avista-oil.be\/fr\/wp-json\/wp\/v2\/pages\/1090\/revisions"}],"wp:attachment":[{"href":"https:\/\/avista-oil.be\/fr\/wp-json\/wp\/v2\/media?parent=1090"}],"wp:term":[{"taxonomy":"category","embeddable":true,"href":"https:\/\/avista-oil.be\/fr\/wp-json\/wp\/v2\/categories?post=1090"},{"taxonomy":"post_tag","embeddable":true,"href":"https:\/\/avista-oil.be\/fr\/wp-json\/wp\/v2\/tags?post=1090"},{"taxonomy":"yst_prominent_words","embeddable":true,"href":"https:\/\/avista-oil.be\/fr\/wp-json\/wp\/v2\/yst_prominent_words?post=1090"}],"curies":[{"name":"wp","href":"https:\/\/api.w.org\/{rel}","templated":true}]}}