{"id":1000,"date":"2022-04-26T10:27:01","date_gmt":"2022-04-26T08:27:01","guid":{"rendered":"https:\/\/avista.sedna.software\/?page_id=1000"},"modified":"2023-05-25T10:33:57","modified_gmt":"2023-05-25T08:33:57","slug":"residus-de-carburants","status":"publish","type":"page","link":"https:\/\/avista-oil.be\/fr\/huile\/residus-de-carburants\/","title":{"rendered":"R\u00e9sidus de carburants"},"content":{"rendered":"<div id=\"modal-ready\">\n<h2 class=\"wp-block-heading\">L&rsquo;\u00e9vacuation des r\u00e9sidus de carburant<\/h2>\n\n\n\n<p>AVISTA OIL ne s&rsquo;occupe non seulement de la collecte des huiles usag\u00e9es, mais aussi de l&rsquo;\u00e9vacuation de vos r\u00e9sidus de carburant. Comme nos camions-citernes ont diff\u00e9rents compartiments, nous pouvons collecter diff\u00e9rents flux de d\u00e9chets en m\u00eame temps. De cette fa\u00e7on, il suffit d&rsquo;un seul moment de collecte. Moins de temps perdu pour vous ! Dans la mesure du possible, nous collectons l&rsquo;essence et le diesel s\u00e9par\u00e9ment. Cela facilite le traitement ult\u00e9rieur pour la r\u00e9utilisation.&nbsp;<\/p>\n\n\n\n<p>En bref : voulez-vous que le combustible r\u00e9siduel soit collect\u00e9 ? Appelez Avista OIL et nous nous en occuperons !<\/p>\n\n\n\n<div class=\"wp-block-image wp-image-699\"><figure class=\"aligncenter\"><img loading=\"lazy\" decoding=\"async\" width=\"1024\" height=\"683\" src=\"https:\/\/avista-oil.be\/wp-content\/uploads\/2020\/08\/DSC3107-1024x683.jpg\" alt=\"Inzamelwagen voor afvoeren afgewerkte olie of brandstofrestanten\" class=\"wp-image-699\" srcset=\"https:\/\/avista-oil.be\/wp-content\/uploads\/2020\/08\/DSC3107-1024x683.jpg 1024w, https:\/\/avista-oil.be\/wp-content\/uploads\/2020\/08\/DSC3107-300x200.jpg 300w, https:\/\/avista-oil.be\/wp-content\/uploads\/2020\/08\/DSC3107-768x512.jpg 768w, https:\/\/avista-oil.be\/wp-content\/uploads\/2020\/08\/DSC3107-1536x1024.jpg 1536w, https:\/\/avista-oil.be\/wp-content\/uploads\/2020\/08\/DSC3107-2048x1365.jpg 2048w\" sizes=\"auto, (max-width: 1024px) 100vw, 1024px\" \/><figcaption>Chariot de collecte pour l&rsquo;\u00e9limination des huiles us\u00e9es ou des r\u00e9sidus de carburant<\/figcaption><\/figure><\/div>\n\n\n\n<h3 class=\"wp-block-heading\">AVISTA OIL : plus que des r\u00e9sidus de carburant!<\/h3>\n\n\n\n<p>Nous ne nous contentons pas de collecter les r\u00e9sidus de carburant, vous pouvez \u00e9galement vous adresser \u00e0 nous pour de nombreux autres types de d\u00e9chets huileux, tels que le liquide de refroidissement, le liquide de frein, les filtres \u00e0 huile et les huiles usag\u00e9es. Avec nos camions aspirateurs, nous nous occupons \u00e9galement du vidage et du nettoyage des fosses \u00e0 huile, \u00e0 eau et \u00e0 boue.<\/p>\n\n\n\n<p>Nous collectons les emballages vides (contamin\u00e9s) ou remplis avec l&rsquo;un de nos camions-benne. Avez-vous \u00e9galement besoin de f\u00fbts vides ? Nous nous en occuperons.<\/p>\n\n\n\n<p>D\u00e9marcation<\/p>\n\n\n\n<p>Les r\u00e9sidus de carburant liquide et d&rsquo;huile sont des huiles inutilis\u00e9es (par exemple, l&rsquo;huile de lubrification) et des lots d&rsquo;huile et de carburant qui ne r\u00e9pondent pas aux sp\u00e9cifications (lots hors sp\u00e9cifications). Cela inclut les huiles min\u00e9rales et synth\u00e9tiques. Les huiles usag\u00e9es g\u00e9n\u00e9r\u00e9es lors de la vidange ou du nettoyage des r\u00e9servoirs de stockage de produits p\u00e9troliers sont \u00e9galement incluses, sauf s&rsquo;il s&rsquo;agit d&rsquo;huiles usag\u00e9es faisant partie des eaux de lavage huileuses.<\/p>\n\n\n\n<p>Norme minimale de transformation<\/p>\n\n\n\n<p>La norme minimale pour le traitement des r\u00e9sidus d&rsquo;huile et de carburants liquide est \u00ab\u00a0autre valorisation\u00a0\u00bb (par exemple, utilisation principale comme carburant).<\/p>\n\n\n\n<p>L&rsquo;apercu indicative des codes Eural admissibles&nbsp;<\/p>\n\n\n\n<p>050105 ; 120106 ; 120107 ; 120110 ; 120119 ; 130701 ; 130702 ; 130703 ; 190207 ; 200126<\/p>\n\n\n\n<p>Voulez-vous que nous \u00e9vacuons les r\u00e9sidus de carburant ? Un simple coup de t\u00e9l\u00e9phone suffit pour l&rsquo;organiser. Et bien s\u00fbr, vous pouvez aussi nous envoyer le formulaire de commande d\u00fbment rempli.&nbsp;<\/p>\n\n\n\n<p>Vous souhaitez plus amples d&rsquo;informations ? Vous avez des questions sur les huiles usag\u00e9es ? Nos sp\u00e9cialistes du p\u00e9trole se feront un plaisir de vous aider. Contactez-nous via la page de contact, par t\u00e9l\u00e9phone.<\/p>\n<\/div>","protected":false},"excerpt":{"rendered":"<p>L&rsquo;\u00e9vacuation des r\u00e9sidus de carburant AVISTA OIL ne s&rsquo;occupe non seulement de la collecte des huiles usag\u00e9es, mais aussi de l&rsquo;\u00e9vacuation de vos r\u00e9sidus de carburant. Comme nos camions-citernes ont diff\u00e9rents compartiments, nous pouvons collecter diff\u00e9rents flux de d\u00e9chets en m\u00eame temps. De cette fa\u00e7on, il suffit d&rsquo;un seul moment de collecte. Moins de temps [&hellip;]<\/p>\n","protected":false},"author":2,"featured_media":0,"parent":806,"menu_order":0,"comment_status":"closed","ping_status":"closed","template":"","meta":{"_acf_changed":false,"footnotes":""},"categories":[484],"tags":[],"yst_prominent_words":[],"class_list":["post-1000","page","type-page","status-publish","hentry","category-diensten-fr"],"acf":[],"_links":{"self":[{"href":"https:\/\/avista-oil.be\/fr\/wp-json\/wp\/v2\/pages\/1000","targetHints":{"allow":["GET"]}}],"collection":[{"href":"https:\/\/avista-oil.be\/fr\/wp-json\/wp\/v2\/pages"}],"about":[{"href":"https:\/\/avista-oil.be\/fr\/wp-json\/wp\/v2\/types\/page"}],"author":[{"embeddable":true,"href":"https:\/\/avista-oil.be\/fr\/wp-json\/wp\/v2\/users\/2"}],"replies":[{"embeddable":true,"href":"https:\/\/avista-oil.be\/fr\/wp-json\/wp\/v2\/comments?post=1000"}],"version-history":[{"count":0,"href":"https:\/\/avista-oil.be\/fr\/wp-json\/wp\/v2\/pages\/1000\/revisions"}],"up":[{"embeddable":true,"href":"https:\/\/avista-oil.be\/fr\/wp-json\/wp\/v2\/pages\/806"}],"wp:attachment":[{"href":"https:\/\/avista-oil.be\/fr\/wp-json\/wp\/v2\/media?parent=1000"}],"wp:term":[{"taxonomy":"category","embeddable":true,"href":"https:\/\/avista-oil.be\/fr\/wp-json\/wp\/v2\/categories?post=1000"},{"taxonomy":"post_tag","embeddable":true,"href":"https:\/\/avista-oil.be\/fr\/wp-json\/wp\/v2\/tags?post=1000"},{"taxonomy":"yst_prominent_words","embeddable":true,"href":"https:\/\/avista-oil.be\/fr\/wp-json\/wp\/v2\/yst_prominent_words?post=1000"}],"curies":[{"name":"wp","href":"https:\/\/api.w.org\/{rel}","templated":true}]}}